{"id":1040,"date":"2022-01-12T09:45:45","date_gmt":"2022-01-12T08:45:45","guid":{"rendered":"https:\/\/mxth.dk\/?page_id=1040"},"modified":"2023-04-13T22:35:19","modified_gmt":"2023-04-13T20:35:19","slug":"emneopgave-05","status":"publish","type":"page","link":"https:\/\/mxth.dk\/?page_id=1040","title":{"rendered":"EMNEOPGAVE 05"},"content":{"rendered":"\n<div class=\" wp-block-cover alignfull has-parallax eplus-wrapper\" style=\"min-height:500px;aspect-ratio:unset;\"><span aria-hidden=\"true\" class=\"wp-block-cover__background has-background-dim\"><\/span><div role=\"img\" class=\"wp-block-cover__image-background wp-image-1041 has-parallax\" style=\"background-position:50% 50%;background-image:url(https:\/\/mxth.dk\/wp-content\/uploads\/2022\/01\/Refraction_photo1.png)\"><\/div><div class=\"wp-block-cover__inner-container is-layout-flow wp-block-cover-is-layout-flow\">\n<p class=\" has-text-align-left eplus-wrapper\" style=\"font-size:64px\">B\u00f8lger<\/p>\n\n\n\n<p class=\" has-text-align-center eplus-wrapper\">og<\/p>\n\n\n\n<p class=\" has-text-align-right eplus-wrapper\" style=\"font-size:64px\">lys<\/p>\n<\/div><\/div>\n\n\n\n<p class=\" has-text-align-right eplus-wrapper\" style=\"font-size:10px\">Af ajizai &#8211; <a href=\"http:\/\/www.docstoc.com\/docs\/130534946\/Chapter-7-Refractive-index\">http:\/\/www.docstoc.com\/<\/a>, Public Domain, <a href=\"https:\/\/commons.wikimedia.org\/w\/index.php?curid=30455241\">https:\/\/commons.wikimedia.org<\/a><\/p>\n\n\n\n<p class=\" eplus-wrapper\">To lasere udsender lysstr\u00e5ler med forskellige farver lys. Lyset fra de to lasere har frekvenserne<\/p>\n\n\n\n<p class=\" has-text-align-center eplus-wrapper\"><img decoding=\"async\" src=\"https:\/\/s0.wp.com\/latex.php?latex=f_1%3D4%2C80%5Ccdot+10%5E%7B14%7D&#038;bg=ffffff&#038;fg=000&#038;s=0&#038;c=20201002\" alt=\"f_1=4,80&#92;cdot 10^{14}\" class=\"latex\" \/> Hz og <img decoding=\"async\" src=\"https:\/\/s0.wp.com\/latex.php?latex=f_2%3D6%2C34%5Ccdot+10%5E%7B14%7D&#038;bg=ffffff&#038;fg=000&#038;s=0&#038;c=20201002\" alt=\"f_2=6,34&#92;cdot 10^{14}\" class=\"latex\" \/> Hz<\/p>\n\n\n<ol class=\"eplus-wrapper wp-block-list eplus-styles-uid-f79990\">\n<li class=\" eplus-wrapper\">Bestem b\u00f8lgel\u00e6ngden i vakuum og farven for de to laserstr\u00e5ler<\/li>\n<\/ol>\n\n\n<p class=\" eplus-wrapper\">Lyset fra laserne sendes vinkelret ind p\u00e5 et optisk gitter med 600 linjer pr. mm.<\/p>\n\n\n<ol start=\"2\" class=\"eplus-wrapper wp-block-list eplus-styles-uid-564737\">\n<li class=\" eplus-wrapper\">Beregn afb\u00f8jningsvinklen for f\u00f8rste orden for de to str\u00e5ler.<\/li>\n\n\n\n<li class=\" eplus-wrapper\">Hvor mange ordner vil hver af dem henholdsvis have?<\/li>\n<\/ol>\n\n\n<p class=\" eplus-wrapper\">Lyset fra den ene af laserne sendes nu igennem en tyndv\u00e6gget glasbeholder fyldt med olie som vist p\u00e5 figur 1.<\/p>\n\n\n\n<figure class=\" wp-block-image size-full eplus-wrapper\"><img data-recalc-dims=\"1\" loading=\"lazy\" decoding=\"async\" width=\"807\" height=\"606\" src=\"https:\/\/i0.wp.com\/mxth.dk\/wp-content\/uploads\/2022\/01\/Brydning_af_laserstraale_i_olie.png?resize=807%2C606&#038;ssl=1\" alt=\"\" class=\"wp-image-1044\" srcset=\"https:\/\/i0.wp.com\/mxth.dk\/wp-content\/uploads\/2022\/01\/Brydning_af_laserstraale_i_olie.png?w=807&amp;ssl=1 807w, https:\/\/i0.wp.com\/mxth.dk\/wp-content\/uploads\/2022\/01\/Brydning_af_laserstraale_i_olie.png?resize=300%2C225&amp;ssl=1 300w, https:\/\/i0.wp.com\/mxth.dk\/wp-content\/uploads\/2022\/01\/Brydning_af_laserstraale_i_olie.png?resize=768%2C577&amp;ssl=1 768w\" sizes=\"auto, (max-width: 807px) 100vw, 807px\" \/><figcaption class=\"wp-element-caption\"><em>Figur 1: billede af en glasbeholder fyldt med olie hvor igennem en laserstr\u00e5le sendes<\/em><\/figcaption><\/figure>\n\n\n\n<p class=\" eplus-wrapper\">Olien har et brydningsindeks p\u00e5 1,53 og figur 2 viser laserstr\u00e5lens vej gennem beholderen, set oppe fra.<\/p>\n\n\n\n<figure class=\" wp-block-image size-full eplus-wrapper\"><img data-recalc-dims=\"1\" loading=\"lazy\" decoding=\"async\" width=\"995\" height=\"330\" src=\"https:\/\/i0.wp.com\/mxth.dk\/wp-content\/uploads\/2022\/01\/Skitse_af_laserstraale_gennem_oliebeholder.png?resize=995%2C330&#038;ssl=1\" alt=\"\" class=\"wp-image-1045\" srcset=\"https:\/\/i0.wp.com\/mxth.dk\/wp-content\/uploads\/2022\/01\/Skitse_af_laserstraale_gennem_oliebeholder.png?w=995&amp;ssl=1 995w, https:\/\/i0.wp.com\/mxth.dk\/wp-content\/uploads\/2022\/01\/Skitse_af_laserstraale_gennem_oliebeholder.png?resize=300%2C99&amp;ssl=1 300w, https:\/\/i0.wp.com\/mxth.dk\/wp-content\/uploads\/2022\/01\/Skitse_af_laserstraale_gennem_oliebeholder.png?resize=768%2C255&amp;ssl=1 768w\" sizes=\"auto, (max-width: 995px) 100vw, 995px\" \/><figcaption class=\"wp-element-caption\"><em>Figur 2: skitse af str\u00e5legangen gennem glasbeholderen set oppefra.<\/em><\/figcaption><\/figure>\n\n\n\n<p class=\" eplus-wrapper\">Laserstr\u00e5len kommer ind i beholderen i punkt A gennem midten af den f\u00f8rste endeflade, forts\u00e6tter til punkt B midt p\u00e5 beholderens langside, reflekteres, og forts\u00e6tter ud af beholderen gennem punktet C midt p\u00e5 den anden endeflade.<\/p>\n\n\n<ul class=\"eplus-wrapper wp-block-list eplus-styles-uid-c4a5be\">\n<li class=\" eplus-wrapper\">Bestem indfladsvinklen i punkt A, n\u00e5r brydningsvinklen er <img decoding=\"async\" src=\"https:\/\/s0.wp.com\/latex.php?latex=18%2C1%5E%5Ccirc&#038;bg=ffffff&#038;fg=000&#038;s=0&#038;c=20201002\" alt=\"18,1^&#92;circ\" class=\"latex\" \/>.<\/li>\n\n\n\n<li class=\" eplus-wrapper\">Unders\u00f8g, om der er totalreflektion i punkt B. <\/li>\n\n\n\n<li class=\" eplus-wrapper\">Hvis ikke, med hvilken vinkel skal laserstr\u00e5len s\u00e5 sendes ind i beholdern med for at der er totalreflektion i punkt B?<\/li>\n<\/ul>","protected":false},"excerpt":{"rendered":"<p>Af ajizai &#8211; http:\/\/www.docstoc.com\/, Public Domain, https:\/\/commons.wikimedia.org To lasere udsender lysstr\u00e5ler med forskellige farver lys. Lyset fra de to lasere har frekvenserne Hz og Hz Lyset fra laserne sendes vinkelret ind p\u00e5 et optisk gitter med 600 linjer pr. mm. Lyset fra den ene af laserne sendes nu igennem en tyndv\u00e6gget glasbeholder fyldt med olie [&hellip;]<\/p>\n","protected":false},"author":1,"featured_media":0,"parent":0,"menu_order":0,"comment_status":"closed","ping_status":"closed","template":"","meta":{"ub_ctt_via":"","editor_plus_copied_stylings":"{}","footnotes":""},"categories":[2,4],"tags":[],"class_list":["post-1040","page","type-page","status-publish","hentry","category-fysik","category-opgave"],"featured_image_src":null,"jetpack_sharing_enabled":true,"_links":{"self":[{"href":"https:\/\/mxth.dk\/index.php?rest_route=\/wp\/v2\/pages\/1040","targetHints":{"allow":["GET"]}}],"collection":[{"href":"https:\/\/mxth.dk\/index.php?rest_route=\/wp\/v2\/pages"}],"about":[{"href":"https:\/\/mxth.dk\/index.php?rest_route=\/wp\/v2\/types\/page"}],"author":[{"embeddable":true,"href":"https:\/\/mxth.dk\/index.php?rest_route=\/wp\/v2\/users\/1"}],"replies":[{"embeddable":true,"href":"https:\/\/mxth.dk\/index.php?rest_route=%2Fwp%2Fv2%2Fcomments&post=1040"}],"version-history":[{"count":6,"href":"https:\/\/mxth.dk\/index.php?rest_route=\/wp\/v2\/pages\/1040\/revisions"}],"predecessor-version":[{"id":2409,"href":"https:\/\/mxth.dk\/index.php?rest_route=\/wp\/v2\/pages\/1040\/revisions\/2409"}],"wp:attachment":[{"href":"https:\/\/mxth.dk\/index.php?rest_route=%2Fwp%2Fv2%2Fmedia&parent=1040"}],"wp:term":[{"taxonomy":"category","embeddable":true,"href":"https:\/\/mxth.dk\/index.php?rest_route=%2Fwp%2Fv2%2Fcategories&post=1040"},{"taxonomy":"post_tag","embeddable":true,"href":"https:\/\/mxth.dk\/index.php?rest_route=%2Fwp%2Fv2%2Ftags&post=1040"}],"curies":[{"name":"wp","href":"https:\/\/api.w.org\/{rel}","templated":true}]}}