{"id":1323,"date":"2022-03-30T13:38:18","date_gmt":"2022-03-30T11:38:18","guid":{"rendered":"https:\/\/mxth.dk\/?page_id=1323"},"modified":"2023-01-31T10:17:49","modified_gmt":"2023-01-31T09:17:49","slug":"fysik-opgaver-2","status":"publish","type":"page","link":"https:\/\/mxth.dk\/?page_id=1323","title":{"rendered":"Fysik opgaver"},"content":{"rendered":"\n<p class=\" eplus-wrapper\">Dette er en samlig af fysikopgaver fra forskellige kilder.<\/p>\n\n\n\n<p class=\" eplus-wrapper\"><\/p>\n\n\n\n<h2 class=\"eplus-wrapper wp-block-heading\">Energi og arbejde<\/h2>\n\n\n\n<p class=\"has-text-align-center eplus-wrapper\">Kinetisk energi<\/p>\n\n\n\n<div class=\"wp-block-kadence-accordion alignnone\"><div class=\"kt-accordion-wrap kt-accordion-wrap kt-accordion-id_5a26c6-9d kt-accordion-has-6-panes kt-active-pane-0 kt-accordion-block kt-pane-header-alignment-left kt-accodion-icon-style-basic kt-accodion-icon-side-right\" style=\"max-width:none\"><div class=\"kt-accordion-inner-wrap\" data-allow-multiple-open=\"false\" data-start-open=\"none\">\n<div class=\"wp-block-kadence-pane kt-accordion-pane kt-accordion-pane-1 kt-pane_feaf33-5a\"><div class=\"kt-accordion-header-wrap\"><button class=\"kt-blocks-accordion-header kt-acccordion-button-label-show\"><span class=\"kt-blocks-accordion-title-wrap\"><span class=\"kt-blocks-accordion-title\">EAKE001<\/span><\/span><span class=\"kt-blocks-accordion-icon-trigger\"><\/span><\/button><\/div><div class=\"kt-accordion-panel kt-accordion-panel-hidden\"><div class=\"kt-accordion-panel-inner\">\n<p class=\" eplus-wrapper\" style=\"font-size:10px\">Taget fra <a href=\"https:\/\/ifysikc.ibog.gyldendal.dk\/?id=c610\">https:\/\/ifysikc.ibog.gyldendal.dk\/?id=c610<\/a><\/p>\n\n\n\n<p class=\" eplus-wrapper\">Beregn den kinetiske energi af<\/p>\n\n\n<ol class=\"eplus-wrapper wp-block-list eplus-styles-uid-7974cf\">\n<li class=\" eplus-wrapper\">en tennisbold der lige er blevet sl\u00e5et til. m = 0,057 kg, v = 45 m\/s.<\/li>\n\n\n\n<li class=\" eplus-wrapper\">en kop kaffe med masse p\u00e5 0.40 kg der falder mod gulvet med en fart p\u00e5 10 m\/s.<\/li>\n<\/ol>\n\n<div class=\"wp-block-columns eplus-wrapper is-layout-flex wp-container-core-columns-is-layout-28f84493 wp-block-columns-is-layout-flex eplus-styles-uid-ece118\">\n<div class=\"wp-block-column eplus-wrapper is-layout-flow wp-block-column-is-layout-flow\"><div class=\"bg-margin-for-link\"><input type='hidden' bg_collapse_expand='6a01fd5103a569082540263' value='6a01fd5103a569082540263'><input type='hidden' id='bg-show-more-text-6a01fd5103a569082540263' value='Facit 1.1'><input type='hidden' id='bg-show-less-text-6a01fd5103a569082540263' value='Skjul facit 1.1'><a id='bg-showmore-action-6a01fd5103a569082540263' class='bg-showmore-plg-link  '  style=\" color:inherit;;\" href='#'>Facit 1.1<\/a><div id='bg-showmore-hidden-6a01fd5103a569082540263' ><br>\nDen kinetiske energi af tennisbolden er <b style=\"color:green\">58 J<\/b>.<br>\n<\/div><\/div>\n<\/div>\n\n\n\n<div class=\"wp-block-column eplus-wrapper is-layout-flow wp-block-column-is-layout-flow\"><div class=\"bg-margin-for-link\"><input type='hidden' bg_collapse_expand='6a01fd5103c015059757687' value='6a01fd5103c015059757687'><input type='hidden' id='bg-show-more-text-6a01fd5103c015059757687' value='Facit 1.2'><input type='hidden' id='bg-show-less-text-6a01fd5103c015059757687' value='Skjul facit 1.2'><a id='bg-showmore-action-6a01fd5103c015059757687' class='bg-showmore-plg-link  '  style=\" color:inherit;;\" href='#'>Facit 1.2<\/a><div id='bg-showmore-hidden-6a01fd5103c015059757687' ><br>\nDen kinetiske energi af kaffekoppen er <b style=\"color:green\">20 J<\/b>.<br>\n<\/div><\/div>\n<\/div>\n<\/div><\/div><\/div><\/div>\n\n\n\n<div class=\"wp-block-kadence-pane kt-accordion-pane kt-accordion-pane-2 kt-pane_054412-97\"><div class=\"kt-accordion-header-wrap\"><button class=\"kt-blocks-accordion-header kt-acccordion-button-label-show\"><span class=\"kt-blocks-accordion-title-wrap\"><span class=\"kt-blocks-accordion-title\">EAKE002<\/span><\/span><span class=\"kt-blocks-accordion-icon-trigger\"><\/span><\/button><\/div><div class=\"kt-accordion-panel kt-accordion-panel-hidden\"><div class=\"kt-accordion-panel-inner\">\n<p class=\" eplus-wrapper\" style=\"font-size:10px\">Taget fra <a href=\"https:\/\/ifysikc.ibog.gyldendal.dk\/?id=c611\">https:\/\/ifysikc.ibog.gyldendal.dk\/?id=c611<\/a><\/p>\n\n\n\n<p class=\" eplus-wrapper\">Beregn den kinetiske energi af<\/p>\n\n\n<ol class=\"eplus-wrapper wp-block-list eplus-styles-uid-d9d3db\">\n<li class=\" eplus-wrapper\">en bil med massen 1200 kg, so k\u00f8rer 80 km\/t.<\/li>\n\n\n\n<li class=\" eplus-wrapper\">en mand p\u00e5 en cykel (samlet masse 90 kg) ed en fart p\u00e5 30 km\/t.<\/li>\n<\/ol>\n\n<div class=\"wp-block-columns eplus-wrapper is-layout-flex wp-container-core-columns-is-layout-28f84493 wp-block-columns-is-layout-flex eplus-styles-uid-623f84\">\n<div class=\"wp-block-column eplus-wrapper is-layout-flow wp-block-column-is-layout-flow\"><div class=\"bg-margin-for-link\"><input type='hidden' bg_collapse_expand='6a01fd5103d035006917825' value='6a01fd5103d035006917825'><input type='hidden' id='bg-show-more-text-6a01fd5103d035006917825' value='Facit 2.1'><input type='hidden' id='bg-show-less-text-6a01fd5103d035006917825' value='Skjul facit 2.1'><a id='bg-showmore-action-6a01fd5103d035006917825' class='bg-showmore-plg-link  '  style=\" color:inherit;;\" href='#'>Facit 2.1<\/a><div id='bg-showmore-hidden-6a01fd5103d035006917825' ><br>\nDen kinetiske energi af bilen er <b style=\"color:green\">0,3 MJ<\/b>.<br>\n<\/div><\/div>\n<\/div>\n\n\n\n<div class=\"wp-block-column eplus-wrapper is-layout-flow wp-block-column-is-layout-flow\"><div class=\"bg-margin-for-link\"><input type='hidden' bg_collapse_expand='6a01fd5103dd42025276641' value='6a01fd5103dd42025276641'><input type='hidden' id='bg-show-more-text-6a01fd5103dd42025276641' value='Facit 1.2'><input type='hidden' id='bg-show-less-text-6a01fd5103dd42025276641' value='Skjul facit 1.2'><a id='bg-showmore-action-6a01fd5103dd42025276641' class='bg-showmore-plg-link  '  style=\" color:inherit;;\" href='#'>Facit 1.2<\/a><div id='bg-showmore-hidden-6a01fd5103dd42025276641' ><br>\nDen kinetiske energi af manden p\u00e5 cyklen er <b style=\"color:green\">3 kJ<\/b>.<br>\n<\/div><\/div>\n<\/div>\n<\/div><\/div><\/div><\/div>\n\n\n\n<div class=\"wp-block-kadence-pane kt-accordion-pane kt-accordion-pane-3 kt-pane_603a6a-2f\"><div class=\"kt-accordion-header-wrap\"><button class=\"kt-blocks-accordion-header kt-acccordion-button-label-show\"><span class=\"kt-blocks-accordion-title-wrap\"><span class=\"kt-blocks-accordion-title\">EAKE003<\/span><\/span><span class=\"kt-blocks-accordion-icon-trigger\"><\/span><\/button><\/div><div class=\"kt-accordion-panel kt-accordion-panel-hidden\"><div class=\"kt-accordion-panel-inner\">\n<p class=\" eplus-wrapper\" style=\"font-size:10px\">Taget fra <a href=\"https:\/\/ifysikc.ibog.gyldendal.dk\/?id=c612\">https:\/\/ifysikc.ibog.gyldendal.dk\/?id=c612<\/a><\/p>\n\n\n\n<p class=\" eplus-wrapper\">En kvinde l\u00f8ber s\u00e5 hurtigt hun kan, og p\u00e5g\u00e5r derved en kinetisk energi p\u00e5 1200 J. Denne energi opn\u00e5r hun ved at l\u00f8be 25 km\/t.<\/p>\n\n\n\n<p class=\" eplus-wrapper\">Hvad er kvindens masse?<\/p>\n\n\n<div class=\"bg-margin-for-link\"><input type='hidden' bg_collapse_expand='6a01fd5103e891009537698' value='6a01fd5103e891009537698'><input type='hidden' id='bg-show-more-text-6a01fd5103e891009537698' value='Facit 2.1'><input type='hidden' id='bg-show-less-text-6a01fd5103e891009537698' value='Skjul facit 2.1'><a id='bg-showmore-action-6a01fd5103e891009537698' class='bg-showmore-plg-link  '  style=\" color:inherit;;\" href='#'>Facit 2.1<\/a><div id='bg-showmore-hidden-6a01fd5103e891009537698' ><br \/>\nKvindens masse er <b style=\"color:green\">50 J<\/b>.<br \/>\n<\/div><\/div>\n<\/div><\/div><\/div>\n\n\n\n<div class=\"wp-block-kadence-pane kt-accordion-pane kt-accordion-pane-4 kt-pane_07775f-a9\"><div class=\"kt-accordion-header-wrap\"><button class=\"kt-blocks-accordion-header kt-acccordion-button-label-show\"><span class=\"kt-blocks-accordion-title-wrap\"><span class=\"kt-blocks-accordion-title\">EAKE004<\/span><\/span><span class=\"kt-blocks-accordion-icon-trigger\"><\/span><\/button><\/div><div class=\"kt-accordion-panel kt-accordion-panel-hidden\"><div class=\"kt-accordion-panel-inner\">\n<p class=\" eplus-wrapper\" style=\"font-size:10px\">Taget fra https:\/\/ifysikc.ibog.gyldendal.dk\/?id=c613<\/p>\n\n\n\n<p class=\" eplus-wrapper\">En tennisbold med massen 57 g f\u00e5r tilf\u00f8rt kinetisk energi p\u00e5 88 J.<\/p>\n\n\n\n<p class=\" eplus-wrapper\">Hvor hurtigt kommer bolden til at bev\u00e6ge sig?<\/p>\n<\/div><\/div><\/div>\n\n\n\n<div class=\"wp-block-kadence-pane kt-accordion-pane kt-accordion-pane-5 kt-pane_b15567-36\"><div class=\"kt-accordion-header-wrap\"><button class=\"kt-blocks-accordion-header kt-acccordion-button-label-show\"><span class=\"kt-blocks-accordion-title-wrap\"><span class=\"kt-blocks-accordion-title\">EAKE005<\/span><\/span><span class=\"kt-blocks-accordion-icon-trigger\"><\/span><\/button><\/div><div class=\"kt-accordion-panel kt-accordion-panel-hidden\"><div class=\"kt-accordion-panel-inner\">\n<p class=\" eplus-wrapper\" style=\"font-size:10px\">Taget fra <a href=\"https:\/\/ifysikc.ibog.gyldendal.dk\/?id=c614\">https:\/\/ifysikc.ibog.gyldendal.dk\/?id=c614<\/a><\/p>\n\n\n\n<p class=\" eplus-wrapper\">En mand bliver ramt af et projektil fra en revolver og der overf\u00f8res derved 80 J fra projektilet til manden. <\/p>\n\n\n\n<p class=\" eplus-wrapper\">Hvis en dreng kaster en basket bold og han derved overf\u00f8rer 20 J til bolden. <\/p>\n\n\n<ul class=\"eplus-wrapper wp-block-list eplus-styles-uid-629d2b\">\n<li class=\" eplus-wrapper\">Hvor mange basketbolde-kast fra drengen svarer de 80 J til?<\/li>\n<\/ul><\/div><\/div><\/div>\n\n\n\n<div class=\"wp-block-kadence-pane kt-accordion-pane kt-accordion-pane-6 kt-pane_6b3587-32\"><div class=\"kt-accordion-header-wrap\"><button class=\"kt-blocks-accordion-header kt-acccordion-button-label-show\"><span class=\"kt-blocks-accordion-title-wrap\"><span class=\"kt-blocks-accordion-title\">EAKE006<\/span><\/span><span class=\"kt-blocks-accordion-icon-trigger\"><\/span><\/button><\/div><div class=\"kt-accordion-panel kt-accordion-panel-hidden\"><div class=\"kt-accordion-panel-inner\">\n<p class=\" eplus-wrapper\">En mand  p\u00e5 87 kg bliver ramt af et projektil fra en revolver. Projektilet bev\u00e6ger sig med farten 200 m\/s og har en masse p\u00e5 4,0 g.<\/p>\n\n\n\n<p class=\" eplus-wrapper\">Hvis vi antager at al den kinetiske energi overf\u00f8res fra projektilet til manden, hvor hurtigt bev\u00e6ger manden sig efter han er blevet ramt? (Her ser vi bort fra at kan ikke kan l\u00f8be hvis han er d\u00f8d, eller at kan flygter af skr\u00e6k!)<\/p>\n<\/div><\/div><\/div>\n<\/div><\/div><\/div>\n","protected":false},"excerpt":{"rendered":"<p>Dette er en samlig af fysikopgaver fra forskellige kilder. Energi og arbejde Kinetisk energi<\/p>\n","protected":false},"author":1,"featured_media":0,"parent":0,"menu_order":0,"comment_status":"closed","ping_status":"closed","template":"","meta":{"ub_ctt_via":"","editor_plus_copied_stylings":"{}","footnotes":""},"categories":[2,4],"tags":[],"class_list":["post-1323","page","type-page","status-publish","hentry","category-fysik","category-opgave"],"featured_image_src":null,"jetpack_sharing_enabled":true,"_links":{"self":[{"href":"https:\/\/mxth.dk\/index.php?rest_route=\/wp\/v2\/pages\/1323","targetHints":{"allow":["GET"]}}],"collection":[{"href":"https:\/\/mxth.dk\/index.php?rest_route=\/wp\/v2\/pages"}],"about":[{"href":"https:\/\/mxth.dk\/index.php?rest_route=\/wp\/v2\/types\/page"}],"author":[{"embeddable":true,"href":"https:\/\/mxth.dk\/index.php?rest_route=\/wp\/v2\/users\/1"}],"replies":[{"embeddable":true,"href":"https:\/\/mxth.dk\/index.php?rest_route=%2Fwp%2Fv2%2Fcomments&post=1323"}],"version-history":[{"count":3,"href":"https:\/\/mxth.dk\/index.php?rest_route=\/wp\/v2\/pages\/1323\/revisions"}],"predecessor-version":[{"id":2095,"href":"https:\/\/mxth.dk\/index.php?rest_route=\/wp\/v2\/pages\/1323\/revisions\/2095"}],"wp:attachment":[{"href":"https:\/\/mxth.dk\/index.php?rest_route=%2Fwp%2Fv2%2Fmedia&parent=1323"}],"wp:term":[{"taxonomy":"category","embeddable":true,"href":"https:\/\/mxth.dk\/index.php?rest_route=%2Fwp%2Fv2%2Fcategories&post=1323"},{"taxonomy":"post_tag","embeddable":true,"href":"https:\/\/mxth.dk\/index.php?rest_route=%2Fwp%2Fv2%2Ftags&post=1323"}],"curies":[{"name":"wp","href":"https:\/\/api.w.org\/{rel}","templated":true}]}}