{"id":1643,"date":"2022-04-24T23:35:12","date_gmt":"2022-04-24T21:35:12","guid":{"rendered":"https:\/\/mxth.dk\/?page_id=1643"},"modified":"2023-01-31T10:25:14","modified_gmt":"2023-01-31T09:25:14","slug":"opgaver-til-den-rette-linje-opfriskning","status":"publish","type":"page","link":"https:\/\/mxth.dk\/?page_id=1643","title":{"rendered":"Opgaver til den rette linje &#8211; opfriskning"},"content":{"rendered":"\n<p class=\" eplus-wrapper\">Den rette linje &#8211; grundl\u00e6ggende begreber<\/p>\n\n\n\n<style>\n  table, th, td {\n    border: 1px solid black;\n    border-collapse: collapse;\n  }\n<\/style>\n<table width=\"100%\" border=\"1\">\n  <thead>\n    <tr>\n      <th scope=\"col\" width=\"33%\" bgcolor=\"#3CB371\">Gr\u00f8n<\/th>\n      <th scope=\"col\" width=\"33%\" bgcolor=\"#FFA500\">Gul<\/th>\n      <th scope=\"col\" width=\"33%\" bgcolor=\"#DC143C\">R\u00f8d<\/th>\n    <\/tr>\n  <\/thead>\n  <tbody>\n    <tr>\n      <td>\n        <p><a href=\"https:\/\/sites.google.com\/view\/matematikopgaver\/start\/systime-hf-mat-c\/linearitet?authuser=0#h.m1yrn58445mu\" taget=\"_blank\" rel=\"noopener\">HF-C 301<\/a><\/p>\n      <\/td>\n      <td>\n        <p><a href=\"https:\/\/sites.google.com\/view\/matematikopgaver\/start\/systime-hf-mat-c\/linearitet?authuser=0#h.g1yizkbm1vee\" taget=\"_blank\" rel=\"noopener\">HF-C 304<\/a><\/p>\n      <\/td>\n      <td>\n        <p><a href=\"https:\/\/sites.google.com\/view\/matematikopgaver\/start\/systime-hf-mat-c\/linearitet?authuser=0#h.3be6gecpd2m0\" taget=\"_blank\" rel=\"noopener\">HF-C 316<\/a><\/p>\n      <\/td>\n    <\/tr>\n    <tr>\n      <td>\n        <p><a href=\"https:\/\/sites.google.com\/view\/matematikopgaver\/start\/systime-hf-mat-c\/linearitet?authuser=0#h.wbp3t96cblpm\" taget=\"_blank\" rel=\"noopener\">HF-C 302<\/a><\/p>\n      <\/td>\n      <td>\n        <p><a href=\"https:\/\/sites.google.com\/view\/matematikopgaver\/start\/systime-hf-mat-c\/linearitet?authuser=0#h.v25rn15bush6\" taget=\"_blank\" rel=\"noopener\">HF-C 315<\/a><\/p>\n      <\/td>\n      <td>\n        <p><a href=\"\" taget=\"_blank\" rel=\"noopener\"><\/a><\/p>\n      <\/td>\n    <\/tr>\n    <tr>\n      <td>\n        <p><a href=\"https:\/\/sites.google.com\/view\/matematikopgaver\/start\/systime-hf-mat-c\/linearitet?authuser=0#h.hcf39tfdkclj\" taget=\"_blank\" rel=\"noopener\">HF-C 303<\/a><\/p>\n      <\/td>\n      <td>\n        <p><a href=\"\" taget=\"_blank\" rel=\"noopener\"><\/a><\/p>\n      <\/td>\n      <td>\n        <p><a href=\"\" taget=\"_blank\" rel=\"noopener\"><\/a><\/p>\n      <\/td>\n    <\/tr>\n  <\/tbody>\n<\/table>\n\n\n\n<p class=\" eplus-wrapper\">Den rette linje &#8211; anvendelse<\/p>\n\n\n\n<style>\n  table, th, td {\n    border: 1px solid black;\n    border-collapse: collapse;\n  }\n<\/style>\n<table width=\"100%\" border=\"1\">\n  <thead>\n    <tr>\n      <th scope=\"col\" width=\"33%\" bgcolor=\"#3CB371\">Gr\u00f8n<\/th>\n      <th scope=\"col\" width=\"33%\" bgcolor=\"#FFA500\">Gul<\/th>\n      <th scope=\"col\" width=\"33%\" bgcolor=\"#DC143C\">R\u00f8d<\/th>\n    <\/tr>\n  <\/thead>\n  <tbody>\n    <tr>\n      <td>\n        <p><a href=\"\" taget=\"_blank\" rel=\"noopener\"><\/a><\/p>\n      <\/td>\n      <td>\n        <p><a href=\"https:\/\/sites.google.com\/view\/matematikopgaver\/start\/systime-hf-mat-c\/linearitet?authuser=0#h.4urgtknl2nri\" taget=\"_blank\" rel=\"noopener\">HF-C 306*<\/a><\/p>\n      <\/td>\n      <td>\n        <p><a href=\"\" taget=\"_blank\" rel=\"noopener\"><\/a><\/p>\n      <\/td>\n    <\/tr>\n  <\/tbody>\n<\/table>\n\n\n\n<p class=\" eplus-wrapper\">Linjens ligning ud fra et punkt og en h\u00e6ldningskoefficient<\/p>\n\n\n\n<style>\n  table, th, td {\n    border: 1px solid black;\n    border-collapse: collapse;\n  }\n<\/style>\n<table width=\"100%\" border=\"1\">\n  <thead>\n    <tr>\n      <th scope=\"col\" width=\"33%\" bgcolor=\"#3CB371\">Gr\u00f8n<\/th>\n      <th scope=\"col\" width=\"33%\" bgcolor=\"#FFA500\">Gul<\/th>\n      <th scope=\"col\" width=\"33%\" bgcolor=\"#DC143C\">R\u00f8d<\/th>\n    <\/tr>\n  <\/thead>\n  <tbody>\n    <tr>\n      <td>\n        <p><a href=\"https:\/\/sites.google.com\/view\/matematikopgaver\/start\/systime-hf-mat-c\/linearitet?authuser=0#h.tjteky17x2tj\" taget=\"_blank\" rel=\"noopener\">HF-C 327<\/a><\/p>\n      <\/td>\n      <td>\n        <p><a href=\"https:\/\/sites.google.com\/view\/matematikopgaver\/start\/systime-hf-mat-c\/linearitet?authuser=0#h.oyo4gu9x5w7y\" taget=\"_blank\" rel=\"noopener\">HF-C 320<\/a><\/p>\n      <\/td>\n      <td>\n        <p><a href=\"\" taget=\"_blank\" rel=\"noopener\"><\/a><\/p>\n      <\/td>\n    <\/tr>\n    <tr>\n      <td>\n        <p><a href=\"\" taget=\"_blank\" rel=\"noopener\"><\/a><\/p>\n      <\/td>\n      <td>\n        <p><a href=\"https:\/\/sites.google.com\/view\/matematikopgaver\/start\/systime-hf-mat-c\/linearitet?authuser=0#h.hgmvg9w59w6t\" taget=\"_blank\" rel=\"noopener\">HF-C 325<\/a><\/p>\n      <\/td>\n      <td>\n        <p><a href=\"\" taget=\"_blank\" rel=\"noopener\"><\/a><\/p>\n      <\/td>\n    <\/tr>\n    <tr>\n      <td>\n        <p><a href=\"\" taget=\"_blank\" rel=\"noopener\"><\/a><\/p>\n      <\/td>\n      <td>\n        <p><a href=\"https:\/\/sites.google.com\/view\/matematikopgaverpmtekmatr4\/8-analytisk-plangeometri\/opstilling-af-linjens-ligning\/opgave-219\" taget=\"_blank\" rel=\"noopener\">PM 219<\/a><\/p>\n      <\/td>\n      <td>\n        <p><a href=\"\" taget=\"_blank\" rel=\"noopener\"><\/a><\/p>\n      <\/td>\n    <\/tr>\n  <\/tbody>\n<\/table>\n\n\n\n<p class=\" eplus-wrapper\">H\u00e6ldningskoefficienten ud fra to punkter<\/p>\n\n\n\n<style>\n  table, th, td {\n    border: 1px solid black;\n    border-collapse: collapse;\n  }\n<\/style>\n<table width=\"100%\" border=\"1\">\n  <thead>\n    <tr>\n      <th scope=\"col\" width=\"33%\" bgcolor=\"#3CB371\">Gr\u00f8n<\/th>\n      <th scope=\"col\" width=\"33%\" bgcolor=\"#FFA500\">Gul<\/th>\n      <th scope=\"col\" width=\"33%\" bgcolor=\"#DC143C\">R\u00f8d<\/th>\n    <\/tr>\n  <\/thead>\n  <tbody>\n    <tr>\n      <td>\n        <p><a href=\"https:\/\/sites.google.com\/view\/matematikopgaver\/start\/systime-hf-mat-c\/linearitet?authuser=0#h.ut8jsutikyjj\" taget=\"_blank\" rel=\"noopener\">HF-C 305<\/a><\/p>\n      <\/td>\n      <td>\n        <p><a href=\"https:\/\/sites.google.com\/view\/matematikopgaver\/start\/systime-hf-mat-c\/linearitet?authuser=0#h.tsj3l2msp9ih\" taget=\"_blank\" rel=\"noopener\">HC-C 310<\/a><\/p>\n      <\/td>\n      <td>\n        <p><a href=\"https:\/\/sites.google.com\/view\/matematikopgaver\/start\/systime-hf-mat-c\/linearitet?authuser=0#h.ribn5evmks38\" taget=\"_blank\" rel=\"noopener\">HF-C 321<\/a><\/p>\n      <\/td>\n    <\/tr>\n    <tr>\n      <td>\n        <p><a href=\"\" taget=\"_blank\" rel=\"noopener\"><\/a><\/p>\n      <\/td>\n      <td>\n        <p><a href=\"https:\/\/sites.google.com\/view\/matematikopgaver\/start\/systime-hf-mat-c\/linearitet?authuser=0#h.lf39wq4sxjow\" taget=\"_blank\" rel=\"noopener\">HF-C 311<\/a><\/p>\n      <\/td>\n      <td>\n        <p><a href=\"\" taget=\"_blank\" rel=\"noopener\"><\/a><\/p>\n      <\/td>\n    <\/tr>\n  <\/tbody>\n<\/table>\n\n\n\n<p class=\" eplus-wrapper\">Linjens ligning ud fra to punkter<\/p>\n\n\n\n<style>\n  table, th, td {\n    border: 1px solid black;\n    border-collapse: collapse;\n  }\n<\/style>\n<table width=\"100%\" border=\"1\">\n  <thead>\n    <tr>\n      <th scope=\"col\" width=\"33%\" bgcolor=\"#3CB371\">Gr\u00f8n<\/th>\n      <th scope=\"col\" width=\"33%\" bgcolor=\"#FFA500\">Gul<\/th>\n      <th scope=\"col\" width=\"33%\" bgcolor=\"#DC143C\">R\u00f8d<\/th>\n    <\/tr>\n  <\/thead>\n  <tbody>\n    <tr>\n      <td>\n        <p><a href=\"https:\/\/sites.google.com\/view\/matematikopgaver\/start\/systime-hf-mat-c\/linearitet?authuser=0#h.mlon9jrymts6\" taget=\"_blank\" rel=\"noopener\">HF-C 318<\/a><\/p>\n      <\/td>\n      <td>\n        <p><a href=\"https:\/\/sites.google.com\/view\/matematikopgaver\/start\/systime-hf-mat-c\/linearitet?authuser=0#h.xrtro83frz12\" taget=\"_blank\" rel=\"noopener\">HF-C 319<\/a><\/p>\n      <\/td>\n      <td>\n        <p><a href=\"https:\/\/sites.google.com\/view\/matematikopgaver\/start\/systime-hf-mat-c\/linearitet?authuser=0#h.j1nysx80pc3e\" taget=\"_blank\" rel=\"noopener\">HF-C 312<\/a><\/p>\n      <\/td>\n    <\/tr>\n    <tr>\n      <td>\n        <p><a href=\"\" taget=\"_blank\" rel=\"noopener\"><\/a><\/p>\n      <\/td>\n      <td>\n        <p><a href=\"https:\/\/sites.google.com\/view\/matematikopgaver\/start\/systime-hf-mat-c\/linearitet?authuser=0#h.hnm1zuvu6f4o\" taget=\"_blank\" rel=\"noopener\">HF-C 322<\/a><\/p>\n      <\/td>\n      <td>\n        <p><a href=\"https:\/\/sites.google.com\/view\/matematikopgaver\/start\/systime-hf-mat-c\/linearitet?authuser=0#h.ijy0vpiobetl\" taget=\"_blank\" rel=\"noopener\">HF-C 313<\/a><\/p>\n      <\/td>\n    <\/tr>\n    <tr>\n      <td>\n        <p><a href=\"\" taget=\"_blank\" rel=\"noopener\"><\/a><\/p>\n      <\/td>\n      <td>\n        <p><a href=\"\" taget=\"_blank\" rel=\"noopener\"><\/a><\/p>\n      <\/td>\n      <td>\n        <p><a href=\"https:\/\/sites.google.com\/view\/matematikopgaver\/start\/systime-hf-mat-c\/linearitet?authuser=0#h.8kvw2nwnkzk4\" taget=\"_blank\" rel=\"noopener\">HF-C 330<\/a><\/p>\n      <\/td>\n    <\/tr>\n  <\/tbody>\n<\/table>\n\n\n\n<p class=\" eplus-wrapper\">To linjers sk\u00e6ringspunkt<\/p>\n\n\n\n<style>\n  table, th, td {\n    border: 1px solid black;\n    border-collapse: collapse;\n  }\n<\/style>\n<table width=\"100%\" border=\"1\">\n  <thead>\n    <tr>\n      <th scope=\"col\" width=\"33%\" bgcolor=\"#3CB371\">Gr\u00f8n<\/th>\n      <th scope=\"col\" width=\"33%\" bgcolor=\"#FFA500\">Gul<\/th>\n      <th scope=\"col\" width=\"33%\" bgcolor=\"#DC143C\">R\u00f8d<\/th>\n    <\/tr>\n  <\/thead>\n  <tbody>\n    <tr>\n      <td>\n        <p><a href=\"https:\/\/sites.google.com\/view\/matematikopgaver\/start\/systime-hf-mat-c\/linearitet?authuser=0#h.ze6ikr6fvh6q\" taget=\"_blank\" rel=\"noopener\">HF-C 332<\/a><\/p>\n      <\/td>\n      <td>\n        <p><a href=\"https:\/\/sites.google.com\/view\/matematikopgaver\/start\/systime-hf-mat-c\/linearitet?authuser=0#h.l5e555hswlf6\" taget=\"_blank\" rel=\"noopener\">HF-C 333<\/a><\/p>\n      <\/td>\n      <td>\n        <p><a href=\"https:\/\/sites.google.com\/view\/matematikopgaver\/start\/systime-hf-mat-c\/linearitet?authuser=0#h.deyv20ow0q2z\" taget=\"_blank\" rel=\"noopener\">HF-C 334<\/a><\/p>\n      <\/td>\n    <\/tr>\n    <tr>\n      <td>\n        <p><a href=\"\" taget=\"_blank\" rel=\"noopener\"><\/a><\/p>\n      <\/td>\n      <td>\n        <p><a href=\"https:\/\/sites.google.com\/view\/matematikopgaver\/start\/systime-hf-mat-c\/linearitet?authuser=0#h.irbredy55nnq\" taget=\"_blank\" rel=\"noopener\">HF-C 337<\/a><\/p>\n      <\/td>\n      <td>\n        <p><a href=\"https:\/\/sites.google.com\/view\/matematikopgaver\/start\/systime-hf-mat-c\/linearitet?authuser=0#h.pvfjxlkgpyia\" taget=\"_blank\" rel=\"noopener\">HF-C 335<\/a><\/p>\n      <\/td>\n    <\/tr>\n    <tr>\n      <td>\n        <p><a href=\"\" taget=\"_blank\" rel=\"noopener\"><\/a><\/p>\n      <\/td>\n      <td>\n        <p><a href=\"\" taget=\"_blank\" rel=\"noopener\"><\/a><\/p>\n      <\/td>\n      <td>\n        <p><a href=\"https:\/\/sites.google.com\/view\/matematikopgaver\/start\/systime-hf-mat-c\/linearitet?authuser=0#h.roavjiy1kudw\" taget=\"_blank\" rel=\"noopener\">HF-C 336<\/a><\/p>\n      <\/td>\n    <\/tr>\n  <\/tbody>\n<\/table>\n","protected":false},"excerpt":{"rendered":"<p>Den rette linje &#8211; grundl\u00e6ggende begreber Gr\u00f8n Gul R\u00f8d HF-C 301 HF-C 304 HF-C 316 HF-C 302 HF-C 315 HF-C 303 Den rette linje &#8211; anvendelse Gr\u00f8n Gul R\u00f8d HF-C 306* Linjens ligning ud fra et punkt og en h\u00e6ldningskoefficient Gr\u00f8n Gul R\u00f8d HF-C 327 HF-C 320 HF-C 325 PM 219 H\u00e6ldningskoefficienten ud fra to [&hellip;]<\/p>\n","protected":false},"author":1,"featured_media":0,"parent":0,"menu_order":0,"comment_status":"closed","ping_status":"closed","template":"","meta":{"ub_ctt_via":"","editor_plus_copied_stylings":"{}","footnotes":""},"categories":[3,4],"tags":[],"class_list":["post-1643","page","type-page","status-publish","hentry","category-matematik","category-opgave"],"featured_image_src":null,"jetpack_sharing_enabled":true,"_links":{"self":[{"href":"https:\/\/mxth.dk\/index.php?rest_route=\/wp\/v2\/pages\/1643","targetHints":{"allow":["GET"]}}],"collection":[{"href":"https:\/\/mxth.dk\/index.php?rest_route=\/wp\/v2\/pages"}],"about":[{"href":"https:\/\/mxth.dk\/index.php?rest_route=\/wp\/v2\/types\/page"}],"author":[{"embeddable":true,"href":"https:\/\/mxth.dk\/index.php?rest_route=\/wp\/v2\/users\/1"}],"replies":[{"embeddable":true,"href":"https:\/\/mxth.dk\/index.php?rest_route=%2Fwp%2Fv2%2Fcomments&post=1643"}],"version-history":[{"count":4,"href":"https:\/\/mxth.dk\/index.php?rest_route=\/wp\/v2\/pages\/1643\/revisions"}],"predecessor-version":[{"id":1647,"href":"https:\/\/mxth.dk\/index.php?rest_route=\/wp\/v2\/pages\/1643\/revisions\/1647"}],"wp:attachment":[{"href":"https:\/\/mxth.dk\/index.php?rest_route=%2Fwp%2Fv2%2Fmedia&parent=1643"}],"wp:term":[{"taxonomy":"category","embeddable":true,"href":"https:\/\/mxth.dk\/index.php?rest_route=%2Fwp%2Fv2%2Fcategories&post=1643"},{"taxonomy":"post_tag","embeddable":true,"href":"https:\/\/mxth.dk\/index.php?rest_route=%2Fwp%2Fv2%2Ftags&post=1643"}],"curies":[{"name":"wp","href":"https:\/\/api.w.org\/{rel}","templated":true}]}}