{"id":2395,"date":"2023-04-13T22:28:48","date_gmt":"2023-04-13T20:28:48","guid":{"rendered":"https:\/\/mxth.dk\/?page_id=2395"},"modified":"2023-04-13T22:29:17","modified_gmt":"2023-04-13T20:29:17","slug":"emneopgave-elektriske-kredsloeb","status":"publish","type":"page","link":"https:\/\/mxth.dk\/?page_id=2395","title":{"rendered":"Emneopgave &#8211; elektriske kredsl\u00f8b"},"content":{"rendered":"\n<div class=\" wp-block-cover alignfull is-light eplus-wrapper\"><span aria-hidden=\"true\" class=\"wp-block-cover__background has-background-dim\"><\/span><img data-recalc-dims=\"1\" loading=\"lazy\" decoding=\"async\" width=\"1956\" height=\"2560\" class=\"wp-block-cover__image-background wp-image-2398\" alt=\"\" src=\"https:\/\/i0.wp.com\/mxth.dk\/wp-content\/uploads\/2023\/04\/0BE6A449-A517-4351-BF28-5E38BBCEEF85-scaled.jpeg?resize=1956%2C2560&#038;ssl=1\" data-object-fit=\"cover\" srcset=\"https:\/\/i0.wp.com\/mxth.dk\/wp-content\/uploads\/2023\/04\/0BE6A449-A517-4351-BF28-5E38BBCEEF85-scaled.jpeg?w=1956&amp;ssl=1 1956w, https:\/\/i0.wp.com\/mxth.dk\/wp-content\/uploads\/2023\/04\/0BE6A449-A517-4351-BF28-5E38BBCEEF85-scaled.jpeg?resize=229%2C300&amp;ssl=1 229w, https:\/\/i0.wp.com\/mxth.dk\/wp-content\/uploads\/2023\/04\/0BE6A449-A517-4351-BF28-5E38BBCEEF85-scaled.jpeg?resize=782%2C1024&amp;ssl=1 782w, https:\/\/i0.wp.com\/mxth.dk\/wp-content\/uploads\/2023\/04\/0BE6A449-A517-4351-BF28-5E38BBCEEF85-scaled.jpeg?resize=768%2C1005&amp;ssl=1 768w, https:\/\/i0.wp.com\/mxth.dk\/wp-content\/uploads\/2023\/04\/0BE6A449-A517-4351-BF28-5E38BBCEEF85-scaled.jpeg?resize=1173%2C1536&amp;ssl=1 1173w, https:\/\/i0.wp.com\/mxth.dk\/wp-content\/uploads\/2023\/04\/0BE6A449-A517-4351-BF28-5E38BBCEEF85-scaled.jpeg?resize=1565%2C2048&amp;ssl=1 1565w\" sizes=\"auto, (max-width: 1000px) 100vw, 1000px\" \/><div class=\"wp-block-cover__inner-container is-layout-flow wp-block-cover-is-layout-flow\"><p class=\" has-text-align-center has-large-font-size eplus-wrapper eplus-styles-uid-0bc07b\">EMNEOPGAVE<\/p>\n\n<p class=\" has-text-align-center eplus-wrapper eplus-styles-uid-bddefc\">elektriske kredsl\u00f8b<\/p><\/div><\/div>\n\n\n<p class=\" has-text-align-right eplus-wrapper eplus-styles-uid-34e78c\">Photo by\u00a0<a href=\"https:\/\/unsplash.com\/es\/@cookaynne?utm_source=unsplash&amp;utm_medium=referral&amp;utm_content=creditCopyText\">Cook aynne<\/a>\u00a0on\u00a0<a href=\"https:\/\/unsplash.com\/s\/photos\/jaguar-type-e?utm_source=unsplash&amp;utm_medium=referral&amp;utm_content=creditCopyText\">Unsplash<\/a><\/p>\n\n\n<p class=\" eplus-wrapper\">En bil har en generator som genererer en vekselstr\u00f8m og ensrettes til en j\u00e6vnstr\u00f8m gennem en ensretter (kaldet en Graetzkobling). Generatoren skal leverer 12 V i j\u00e6vnsp\u00e6nding.<\/p>\n\n\n<ol class=\"eplus-wrapper wp-block-list eplus-styles-uid-70650d\">\n<li class=\" eplus-wrapper\">Hvad er den maksimale v\u00e6rdi for vekselsp\u00e6ndingen som generatoren skal leverer?<\/li>\n<\/ol>\n\n\n<p class=\" eplus-wrapper\">Under k\u00f8rslen vil f\u00f8reren gerne oplade sin iPhone. Denne oplades gennem et stik som sidder i cigarettet\u00e6nderen i bilen. Stikket indeholder en transformator der omdanner de 12V fra bilen til 5V som bruges til at oplade telefonen med.<\/p>\n\n\n<ol start=\"2\" class=\"eplus-wrapper wp-block-list eplus-styles-uid-6eab87\">\n<li class=\" eplus-wrapper\">Hvad skal forholdet mellem vindingerne p\u00e5 den prim\u00e6rer og den sekund\u00e6rer spole v\u00e6re for at kunne lave denne transformation?<\/li>\n\n\n\n<li class=\" eplus-wrapper\">Transformatoren har en udgangseffekt p\u00e5 10W, hvor stor er str\u00f8mstyrken p\u00e5 den sekund\u00e6rer side af transformatoreren?<\/li>\n<\/ol>\n\n\n<p class=\" eplus-wrapper\">I bilen er der ogs\u00e5 en cigarett\u00e6nder i bagagerummet, s\u00e5ledes at ejeren kan tilslutte en elektrisk k\u00f8letaske til stikket i bagagerummet og s\u00e5ledes holde sine danskvand kolde.<\/p>\n\n\n\n<p class=\" eplus-wrapper\">Dette stik forsynes med str\u00f8m gennem ledninger fra bilens motor og ned gennem bilen. De er lavet af kobber og har en diameter p\u00e5 0,1 mm.<\/p>\n\n\n<ol start=\"4\" class=\"eplus-wrapper wp-block-list eplus-styles-uid-0af6ac\">\n<li class=\" eplus-wrapper\">Kom med et bud p\u00e5, hvor stor resistansen i en af disse ledninger er.<\/li>\n\n\n\n<li class=\" eplus-wrapper\">Hvis str\u00f8mmen leveres at generatoren som kan leverer en effekt p\u00e5 720W, hvor stort et tab er der s\u00e5 i en ledning?<\/li>\n\n\n\n<li class=\" eplus-wrapper\">Hvis nu man transformerede sp\u00e6ndingen op, s\u00e5ledes at den leverede sp\u00e6nding var 96V i stedet for de 12V, hvor stort ville tabet s\u00e5 v\u00e6re?<\/li>\n<\/ol>\n\n\n<p class=\" eplus-wrapper\">Bilen er ogs\u00e5 forsynet med halogenp\u00e6rer. Disse har en effekt p\u00e5 55W og forsynes af en sp\u00e6nding p\u00e5 12V.<\/p>\n\n\n<ol start=\"7\" class=\"eplus-wrapper wp-block-list eplus-styles-uid-ecfe65\">\n<li class=\" eplus-wrapper\">Hvor stor er resistansen i disse p\u00e6rer?<\/li>\n<\/ol>","protected":false},"excerpt":{"rendered":"<p>Photo by\u00a0Cook aynne\u00a0on\u00a0Unsplash En bil har en generator som genererer en vekselstr\u00f8m og ensrettes til en j\u00e6vnstr\u00f8m gennem en ensretter (kaldet en Graetzkobling). Generatoren skal leverer 12 V i j\u00e6vnsp\u00e6nding. Under k\u00f8rslen vil f\u00f8reren gerne oplade sin iPhone. Denne oplades gennem et stik som sidder i cigarettet\u00e6nderen i bilen. Stikket indeholder en transformator der omdanner [&hellip;]<\/p>\n","protected":false},"author":1,"featured_media":0,"parent":0,"menu_order":0,"comment_status":"closed","ping_status":"closed","template":"","meta":{"ub_ctt_via":"","editor_plus_copied_stylings":"{}","footnotes":""},"categories":[38,39],"tags":[],"class_list":["post-2395","page","type-page","status-publish","hentry","category-emneopgave","category-eux"],"featured_image_src":null,"jetpack_sharing_enabled":true,"_links":{"self":[{"href":"https:\/\/mxth.dk\/index.php?rest_route=\/wp\/v2\/pages\/2395","targetHints":{"allow":["GET"]}}],"collection":[{"href":"https:\/\/mxth.dk\/index.php?rest_route=\/wp\/v2\/pages"}],"about":[{"href":"https:\/\/mxth.dk\/index.php?rest_route=\/wp\/v2\/types\/page"}],"author":[{"embeddable":true,"href":"https:\/\/mxth.dk\/index.php?rest_route=\/wp\/v2\/users\/1"}],"replies":[{"embeddable":true,"href":"https:\/\/mxth.dk\/index.php?rest_route=%2Fwp%2Fv2%2Fcomments&post=2395"}],"version-history":[{"count":5,"href":"https:\/\/mxth.dk\/index.php?rest_route=\/wp\/v2\/pages\/2395\/revisions"}],"predecessor-version":[{"id":2405,"href":"https:\/\/mxth.dk\/index.php?rest_route=\/wp\/v2\/pages\/2395\/revisions\/2405"}],"wp:attachment":[{"href":"https:\/\/mxth.dk\/index.php?rest_route=%2Fwp%2Fv2%2Fmedia&parent=2395"}],"wp:term":[{"taxonomy":"category","embeddable":true,"href":"https:\/\/mxth.dk\/index.php?rest_route=%2Fwp%2Fv2%2Fcategories&post=2395"},{"taxonomy":"post_tag","embeddable":true,"href":"https:\/\/mxth.dk\/index.php?rest_route=%2Fwp%2Fv2%2Ftags&post=2395"}],"curies":[{"name":"wp","href":"https:\/\/api.w.org\/{rel}","templated":true}]}}