{"id":2406,"date":"2023-04-13T22:32:25","date_gmt":"2023-04-13T20:32:25","guid":{"rendered":"https:\/\/mxth.dk\/?page_id=2406"},"modified":"2024-02-01T12:20:36","modified_gmt":"2024-02-01T11:20:36","slug":"emneopgaver-2","status":"publish","type":"page","link":"https:\/\/mxth.dk\/?page_id=2406","title":{"rendered":"EMNEOPGAVER"},"content":{"rendered":"\n<p class=\" eplus-wrapper\"><strong>ELEKTRISKE KREDSL\u00d8B<\/strong><\/p>\n\n\n\n<p class=\" eplus-wrapper\"><a rel=\"noreferrer noopener\" href=\"https:\/\/mxth.dk\/?page_id=2395\" target=\"_blank\">EMNEOPGAVE 01: elektriske kredsl\u00f8b i en bil<\/a> (eux)<\/p>\n\n\n\n<p class=\" eplus-wrapper\"><strong>MEKANIK<\/strong><\/p>\n\n\n\n<p class=\" eplus-wrapper\"><a href=\"https:\/\/mxth.dk\/?page_id=802\" target=\"_blank\" rel=\"noreferrer noopener\">EMNEOPGAVE 02: mekanikken i fast and furious 7<\/a><\/p>\n\n\n\n<p class=\" eplus-wrapper\"><strong>B\u00d8LGER<\/strong><\/p>\n\n\n\n<p class=\" eplus-wrapper\">EMNEOPGAVE 03: <a href=\"https:\/\/mxth.dk\/?page_id=2988\" data-type=\"link\" data-id=\"https:\/\/mxth.dk\/?page_id=2988\">refraktometer<\/a> (eux)<\/p>\n\n\n\n<p class=\" eplus-wrapper\"><strong>ATOMFYSIK<\/strong><\/p>\n\n\n\n<p class=\" eplus-wrapper\"><\/p>\n\n\n\n<p class=\" eplus-wrapper\"><strong>KINEMATIK<\/strong><\/p>\n\n\n\n<p class=\" eplus-wrapper\"><\/p>\n\n\n\n<p class=\" eplus-wrapper\"><strong>DYNAMIK<\/strong><\/p>\n\n\n\n<p class=\" eplus-wrapper\"><\/p>\n\n\n\n<p class=\" eplus-wrapper\"><strong>TERMODYNAMIK<\/strong><\/p>\n\n\n\n<p class=\" eplus-wrapper\"><\/p>\n\n\n\n<p class=\" eplus-wrapper\"><strong>VARMEENERGI<\/strong><\/p>\n\n\n\n<p class=\" eplus-wrapper\"><\/p>\n\n\n\n<p class=\" eplus-wrapper\"><\/p>\n","protected":false},"excerpt":{"rendered":"<p>ELEKTRISKE KREDSL\u00d8B EMNEOPGAVE 01: elektriske kredsl\u00f8b i en bil (eux) MEKANIK EMNEOPGAVE 02: mekanikken i fast and furious 7 B\u00d8LGER EMNEOPGAVE 03: refraktometer (eux) ATOMFYSIK KINEMATIK DYNAMIK TERMODYNAMIK VARMEENERGI<\/p>\n","protected":false},"author":1,"featured_media":0,"parent":0,"menu_order":0,"comment_status":"closed","ping_status":"closed","template":"","meta":{"ub_ctt_via":"","editor_plus_copied_stylings":"{}","footnotes":""},"categories":[38,2],"tags":[],"class_list":["post-2406","page","type-page","status-publish","hentry","category-emneopgave","category-fysik"],"featured_image_src":null,"jetpack_sharing_enabled":true,"_links":{"self":[{"href":"https:\/\/mxth.dk\/index.php?rest_route=\/wp\/v2\/pages\/2406","targetHints":{"allow":["GET"]}}],"collection":[{"href":"https:\/\/mxth.dk\/index.php?rest_route=\/wp\/v2\/pages"}],"about":[{"href":"https:\/\/mxth.dk\/index.php?rest_route=\/wp\/v2\/types\/page"}],"author":[{"embeddable":true,"href":"https:\/\/mxth.dk\/index.php?rest_route=\/wp\/v2\/users\/1"}],"replies":[{"embeddable":true,"href":"https:\/\/mxth.dk\/index.php?rest_route=%2Fwp%2Fv2%2Fcomments&post=2406"}],"version-history":[{"count":4,"href":"https:\/\/mxth.dk\/index.php?rest_route=\/wp\/v2\/pages\/2406\/revisions"}],"predecessor-version":[{"id":2992,"href":"https:\/\/mxth.dk\/index.php?rest_route=\/wp\/v2\/pages\/2406\/revisions\/2992"}],"wp:attachment":[{"href":"https:\/\/mxth.dk\/index.php?rest_route=%2Fwp%2Fv2%2Fmedia&parent=2406"}],"wp:term":[{"taxonomy":"category","embeddable":true,"href":"https:\/\/mxth.dk\/index.php?rest_route=%2Fwp%2Fv2%2Fcategories&post=2406"},{"taxonomy":"post_tag","embeddable":true,"href":"https:\/\/mxth.dk\/index.php?rest_route=%2Fwp%2Fv2%2Ftags&post=2406"}],"curies":[{"name":"wp","href":"https:\/\/api.w.org\/{rel}","templated":true}]}}