{"id":2413,"date":"2023-04-18T21:18:22","date_gmt":"2023-04-18T19:18:22","guid":{"rendered":"https:\/\/mxth.dk\/?page_id=2413"},"modified":"2023-08-23T10:07:54","modified_gmt":"2023-08-23T08:07:54","slug":"forsoeg-op-og-afladning-af-kapacitorer","status":"publish","type":"page","link":"https:\/\/mxth.dk\/?page_id=2413","title":{"rendered":"Fors\u00f8g &#8211; op- og afladning af kapacitorer"},"content":{"rendered":"\n<div class=\" wp-block-cover alignfull has-parallax eplus-wrapper\"><span aria-hidden=\"true\" class=\"wp-block-cover__background has-background-dim\"><\/span><div role=\"img\" class=\"wp-block-cover__image-background wp-image-2414 has-parallax\" style=\"background-position:50% 50%;background-image:url(https:\/\/mxth.dk\/wp-content\/uploads\/2023\/04\/harrison-broadbent-FdjVf8XFiR0-unsplash-scaled.jpg)\"><\/div><div class=\"wp-block-cover__inner-container is-layout-flow wp-block-cover-is-layout-flow\"><p class=\" has-text-align-center has-large-font-size eplus-wrapper eplus-styles-uid-11d6d4\">FORS\u00d8G<\/p>\n\n<p class=\" has-text-align-center eplus-wrapper eplus-styles-uid-83a57b\">op- og afladning af kapacitorer<\/p><\/div><\/div>\n\n\n<p class=\" has-text-align-right eplus-wrapper eplus-styles-uid-34e78c\">Photo by <a href=\"https:\/\/unsplash.com\/fr\/@harrisonbroadbent?utm_source=unsplash&amp;utm_medium=referral&amp;utm_content=creditCopyText\">Harrison Broadbent<\/a> on <a href=\"https:\/\/unsplash.com\/photos\/FdjVf8XFiR0?utm_source=unsplash&amp;utm_medium=referral&amp;utm_content=creditCopyText\">Unsplash<\/a><\/p>\n\n\n<p class=\" eplus-wrapper\">Vi skal se lidt p\u00e5 op- og afladning af kapacitorer. Vi starter med at se p\u00e5 en enkelt kapacitor og herefter ser vi p\u00e5 n\u00e5r vi kobler to i en serie- eller parallelforbindelse.<\/p>\n\n\n\n<h4 class=\" wp-block-heading eplus-wrapper\">Op- og afladning af en enkelt kapacitor<\/h4>\n\n\n\n<p class=\" eplus-wrapper\">Vi vil starte med at m\u00e5le op- og afladningen p\u00e5 en enkelt kapacitor. Form\u00e5let med dette er at vi kan m\u00e5le p\u00e5 en kapacitor med en kendt kapacitans og derved se om vi ud fra afladningskurven kan beregne hvad kapacitansen af kapacitoren er. <\/p>\n\n\n\n<h5 class=\" wp-block-heading eplus-wrapper\">Apparatur<\/h5>\n\n\n<ul class=\"eplus-wrapper wp-block-list eplus-styles-uid-c38e39\">\n<li class=\" eplus-wrapper\">breadboard<\/li>\n\n\n\n<li class=\" eplus-wrapper\">100 \u00b5F kapacitor<\/li>\n\n\n\n<li class=\" eplus-wrapper\">resistor<\/li>\n\n\n\n<li class=\" eplus-wrapper\">batteripakke (4,5V)<\/li>\n\n\n\n<li class=\" eplus-wrapper\">jumpwire<\/li>\n\n\n\n<li class=\" eplus-wrapper\">sp\u00e6nding-str\u00f8m sensor (PASCO: PS-2115)<\/li>\n\n\n\n<li class=\" eplus-wrapper\">USB-adapter (PASCO)<\/li>\n\n\n\n<li class=\" eplus-wrapper\">capstone (PASCO)<\/li>\n<\/ul>\n\n\n<h5 class=\" wp-block-heading eplus-wrapper\">Fremgangsm\u00e5de<\/h5>\n\n\n<ol class=\"eplus-wrapper wp-block-list eplus-styles-uid-521ad4\">\n<li class=\" eplus-wrapper\">p\u00e5 breadboardet s\u00e6ttes resistoren og kapacitoren i serieforbindelse<\/li>\n\n\n\n<li class=\" eplus-wrapper\">forbind batteripakken med seriekoblingen<\/li>\n\n\n\n<li class=\" eplus-wrapper\">tilslut sp\u00e6nding-str\u00f8m sensoren til kapacitoren s\u00e5ledes at den m\u00e5ler sp\u00e6ndingsfaldet over kapacitoren<\/li>\n\n\n\n<li class=\" eplus-wrapper\">tilslut sp\u00e6nding-str\u00f8m sensoren til computeren og s\u00e6t capstone til at samle data i et koordinatsystem med tiden ud af f\u00f8rsteaksen og sp\u00e6ndingen ud af andenaksen<\/li>\n\n\n\n<li class=\" eplus-wrapper\">start dataopsamling i capstone<\/li>\n\n\n\n<li class=\" eplus-wrapper\">t\u00e6nd for batteripakken<\/li>\n\n\n\n<li class=\" eplus-wrapper\">n\u00e5r sp\u00e6ndingen p\u00e5 kapacitoren er n\u00e5et sit maksimum, fjernes batteripakkes tilslutning til seriekoblingen s\u00e5 opladningen afbryde og hver ende i seriekoblingen forbindes nu med en jumpwire s\u00e5ledes at afladningen af kapacitoren begynder igennem resistoren (<em>NB.: desto hurtigere afkoblingen af batteripakken og tilslutningen af jumpwiren sker desto mindre tab opleves der i dataopsamlingen<\/em>)<\/li>\n<\/ol>\n\n\n<p class=\" eplus-wrapper\">Op- og afladning af en parallelkobling af kapacitor<\/p>\n\n\n\n<p class=\" eplus-wrapper\">I skal nu lave et kredsl\u00f8b hvor to kapacitorer er forbundet i en parallelkobling og de parallelforbundne kapacitorer er i serie med en resistor.<\/p>\n","protected":false},"excerpt":{"rendered":"<p>Vi skal se lidt p\u00e5 op- og afladning af kapacitorer. Vi starter med at se p\u00e5 en enkelt kapacitor og herefter ser vi p\u00e5 n\u00e5r vi kobler to i en serie- eller parallelforbindelse.<\/p>\n","protected":false},"author":1,"featured_media":2414,"parent":0,"menu_order":0,"comment_status":"closed","ping_status":"closed","template":"","meta":{"ub_ctt_via":"","editor_plus_copied_stylings":"{}","footnotes":""},"categories":[27,2],"tags":[],"class_list":["post-2413","page","type-page","status-publish","has-post-thumbnail","hentry","category-forsoeg","category-fysik"],"featured_image_src":"https:\/\/i0.wp.com\/mxth.dk\/wp-content\/uploads\/2023\/04\/harrison-broadbent-FdjVf8XFiR0-unsplash-scaled.jpg?fit=2560%2C1441&ssl=1","jetpack_sharing_enabled":true,"_links":{"self":[{"href":"https:\/\/mxth.dk\/index.php?rest_route=\/wp\/v2\/pages\/2413","targetHints":{"allow":["GET"]}}],"collection":[{"href":"https:\/\/mxth.dk\/index.php?rest_route=\/wp\/v2\/pages"}],"about":[{"href":"https:\/\/mxth.dk\/index.php?rest_route=\/wp\/v2\/types\/page"}],"author":[{"embeddable":true,"href":"https:\/\/mxth.dk\/index.php?rest_route=\/wp\/v2\/users\/1"}],"replies":[{"embeddable":true,"href":"https:\/\/mxth.dk\/index.php?rest_route=%2Fwp%2Fv2%2Fcomments&post=2413"}],"version-history":[{"count":7,"href":"https:\/\/mxth.dk\/index.php?rest_route=\/wp\/v2\/pages\/2413\/revisions"}],"predecessor-version":[{"id":2617,"href":"https:\/\/mxth.dk\/index.php?rest_route=\/wp\/v2\/pages\/2413\/revisions\/2617"}],"wp:featuredmedia":[{"embeddable":true,"href":"https:\/\/mxth.dk\/index.php?rest_route=\/wp\/v2\/media\/2414"}],"wp:attachment":[{"href":"https:\/\/mxth.dk\/index.php?rest_route=%2Fwp%2Fv2%2Fmedia&parent=2413"}],"wp:term":[{"taxonomy":"category","embeddable":true,"href":"https:\/\/mxth.dk\/index.php?rest_route=%2Fwp%2Fv2%2Fcategories&post=2413"},{"taxonomy":"post_tag","embeddable":true,"href":"https:\/\/mxth.dk\/index.php?rest_route=%2Fwp%2Fv2%2Ftags&post=2413"}],"curies":[{"name":"wp","href":"https:\/\/api.w.org\/{rel}","templated":true}]}}