{"id":2481,"date":"2023-06-14T21:55:00","date_gmt":"2023-06-14T19:55:00","guid":{"rendered":"https:\/\/mxth.dk\/?page_id=2481"},"modified":"2023-08-29T21:22:18","modified_gmt":"2023-08-29T19:22:18","slug":"forsoeg-gay-lussacs-lov","status":"publish","type":"page","link":"https:\/\/mxth.dk\/?page_id=2481","title":{"rendered":"Fors\u00f8g &#8211; Gay-Lussacs lov"},"content":{"rendered":"\n<div class=\" wp-block-cover alignfull is-light has-parallax eplus-wrapper\"><span aria-hidden=\"true\" class=\"wp-block-cover__background has-background-dim\"><\/span><div role=\"img\" class=\"wp-block-cover__image-background wp-image-2632 has-parallax\" style=\"background-position:50% 50%;background-image:url(https:\/\/mxth.dk\/wp-content\/uploads\/2023\/08\/PIXNIO-268731-4681x3100-1-scaled.jpeg)\"><\/div><div class=\"wp-block-cover__inner-container is-layout-constrained wp-block-cover-is-layout-constrained\"><p class=\" has-text-align-center has-large-font-size eplus-wrapper eplus-styles-uid-b588eb\">FORS\u00d8G<\/p>\n\n<p class=\" has-text-align-center eplus-wrapper eplus-styles-uid-2b8a92\">Gay-Lussacs lov<\/p><\/div><\/div>\n\n\n<p class=\" has-text-align-right eplus-wrapper eplus-styles-uid-d40751\">Photo by\u00a0<a href=\"https:\/\/unsplash.com\/@sandbarproductions?utm_source=unsplash&amp;utm_medium=referral&amp;utm_content=creditCopyText\">Chase Baker<\/a>\u00a0on\u00a0<a href=\"https:\/\/unsplash.com\/photos\/RTtUA2iBwRw?utm_source=unsplash&amp;utm_medium=referral&amp;utm_content=creditCopyText\">Unsplash<\/a><\/p>\n\n\n<h5 class=\" wp-block-heading eplus-wrapper\">Form\u00e5l<\/h5>\n\n\n\n<p class=\" eplus-wrapper\">Form\u00e5let med \u00f8velsen er, at finde sammenh\u00e6ngen mellem tryk og temperatur.<\/p>\n\n\n\n<h5 class=\" wp-block-heading eplus-wrapper\">Materiale<\/h5>\n\n\n<ul class=\"eplus-wrapper wp-block-list eplus-styles-uid-d8b1fd\">\n<li class=\" eplus-wrapper\">Stort bagerglas<\/li>\n\n\n\n<li class=\" eplus-wrapper\">Vand<\/li>\n\n\n\n<li class=\" eplus-wrapper\">Varmeplade<\/li>\n\n\n\n<li class=\" eplus-wrapper\">Gay-Lussacs apparatur<\/li>\n\n\n\n<li class=\" eplus-wrapper\">Slange<\/li>\n\n\n\n<li class=\" eplus-wrapper\">Computer med Capstone<\/li>\n\n\n\n<li class=\" eplus-wrapper\">Pasco trykm\u00e5ler<\/li>\n<\/ul>\n\n\n<h5 class=\" wp-block-heading eplus-wrapper\">Fremgangsm\u00e5de<\/h5>\n\n\n<ol class=\"eplus-wrapper wp-block-list eplus-styles-uid-6e60b0\">\n<li class=\" eplus-wrapper\">Tilslut trykm\u00e5leren til computeren og \u00e5ben Capstone<\/li>\n\n\n\n<li class=\" eplus-wrapper\">Forbind Gay-Lussacs apparatet til trykm\u00e5leren (husk at tilkoble b\u00e5de til tryksensoren og temperaturm\u00e5leren<\/li>\n\n\n\n<li class=\" eplus-wrapper\">Neds\u00e6nk Gay-Lussacs apparatet i vand og varm langsomt vandet op.<\/li>\n\n\n\n<li class=\" eplus-wrapper\">Noter undervejs trykket og temperaturen. Lav en m\u00e5leserie p\u00e5 datapunkter<\/li>\n<\/ol>\n\n\n<h5 class=\" wp-block-heading eplus-wrapper\">Data<\/h5>\n\n\n\n<figure class=\" wp-block-image aligncenter size-full eplus-wrapper\"><img data-recalc-dims=\"1\" loading=\"lazy\" decoding=\"async\" width=\"282\" height=\"293\" src=\"https:\/\/i0.wp.com\/mxth.dk\/wp-content\/uploads\/2023\/06\/image-3.png?resize=282%2C293&#038;ssl=1\" alt=\"\" class=\"wp-image-2483\"\/><\/figure>\n\n\n\n<h5 class=\" wp-block-heading eplus-wrapper\">Databehandling<\/h5>\n\n\n<ol class=\"eplus-wrapper wp-block-list eplus-styles-uid-0d5dd7\">\n<li class=\" eplus-wrapper\">Lav en graf over tryk, , som funktion af rumfang, . Beskriv hvordan datapunkterne ligger<\/li>\n\n\n\n<li class=\" eplus-wrapper\">Vi snakker op klassen hvad vi s\u00e5 g\u00f8r.<\/li>\n<\/ol>","protected":false},"excerpt":{"rendered":"<p>Form\u00e5let med \u00f8velsen er, at finde sammenh\u00e6ngen mellem tryk og temperatur.<\/p>\n","protected":false},"author":1,"featured_media":2632,"parent":0,"menu_order":0,"comment_status":"closed","ping_status":"closed","template":"","meta":{"ub_ctt_via":"","editor_plus_copied_stylings":"{}","footnotes":""},"categories":[27,2],"tags":[],"class_list":["post-2481","page","type-page","status-publish","has-post-thumbnail","hentry","category-forsoeg","category-fysik"],"featured_image_src":"https:\/\/i0.wp.com\/mxth.dk\/wp-content\/uploads\/2023\/08\/PIXNIO-268731-4681x3100-1-scaled.jpeg?fit=2560%2C1695&ssl=1","jetpack_sharing_enabled":true,"_links":{"self":[{"href":"https:\/\/mxth.dk\/index.php?rest_route=\/wp\/v2\/pages\/2481","targetHints":{"allow":["GET"]}}],"collection":[{"href":"https:\/\/mxth.dk\/index.php?rest_route=\/wp\/v2\/pages"}],"about":[{"href":"https:\/\/mxth.dk\/index.php?rest_route=\/wp\/v2\/types\/page"}],"author":[{"embeddable":true,"href":"https:\/\/mxth.dk\/index.php?rest_route=\/wp\/v2\/users\/1"}],"replies":[{"embeddable":true,"href":"https:\/\/mxth.dk\/index.php?rest_route=%2Fwp%2Fv2%2Fcomments&post=2481"}],"version-history":[{"count":5,"href":"https:\/\/mxth.dk\/index.php?rest_route=\/wp\/v2\/pages\/2481\/revisions"}],"predecessor-version":[{"id":2637,"href":"https:\/\/mxth.dk\/index.php?rest_route=\/wp\/v2\/pages\/2481\/revisions\/2637"}],"wp:featuredmedia":[{"embeddable":true,"href":"https:\/\/mxth.dk\/index.php?rest_route=\/wp\/v2\/media\/2632"}],"wp:attachment":[{"href":"https:\/\/mxth.dk\/index.php?rest_route=%2Fwp%2Fv2%2Fmedia&parent=2481"}],"wp:term":[{"taxonomy":"category","embeddable":true,"href":"https:\/\/mxth.dk\/index.php?rest_route=%2Fwp%2Fv2%2Fcategories&post=2481"},{"taxonomy":"post_tag","embeddable":true,"href":"https:\/\/mxth.dk\/index.php?rest_route=%2Fwp%2Fv2%2Ftags&post=2481"}],"curies":[{"name":"wp","href":"https:\/\/api.w.org\/{rel}","templated":true}]}}