{"id":2771,"date":"2023-10-12T13:42:56","date_gmt":"2023-10-12T11:42:56","guid":{"rendered":"https:\/\/mxth.dk\/?page_id=2771"},"modified":"2025-11-19T21:47:36","modified_gmt":"2025-11-19T20:47:36","slug":"fremstilling-af-magnesiumoxid","status":"publish","type":"page","link":"https:\/\/mxth.dk\/?page_id=2771","title":{"rendered":"Fremstilling af magnesiumoxid"},"content":{"rendered":"\n<div class=\" wp-block-cover alignfull has-parallax eplus-wrapper\"><div class=\"wp-block-cover__image-background wp-image-2775 has-parallax\" style=\"background-position:50% 50%;background-image:url(https:\/\/mxth.dk\/wp-content\/uploads\/2023\/10\/nong-qwvv5QD0It0-unsplash-scaled.jpg)\"><\/div><span aria-hidden=\"true\" class=\"wp-block-cover__background has-background-dim\"><\/span><div class=\"wp-block-cover__inner-container is-layout-constrained wp-block-cover-is-layout-constrained\"><p class=\" has-text-align-center has-large-font-size eplus-wrapper eplus-styles-uid-11d6d4\">FORS\u00d8G<\/p>\n\n<p class=\" has-text-align-center eplus-wrapper eplus-styles-uid-8a0566\">fremstilling af magnesiumoxid<\/p><\/div><\/div>\n\n\n<p class=\" has-text-align-right eplus-wrapper eplus-styles-uid-34e78c\">Photo by\u00a0<a href=\"https:\/\/unsplash.com\/@californong?utm_content=creditCopyText&amp;utm_medium=referral&amp;utm_source=unsplash\">Nong<\/a>\u00a0on\u00a0<a href=\"https:\/\/unsplash.com\/photos\/qwvv5QD0It0?utm_content=creditCopyText&amp;utm_medium=referral&amp;utm_source=unsplash\">Unsplash<\/a><\/p>\n\n\n<p class=\" eplus-wrapper\">N\u00e5r magnesium ant\u00e6ndes, br\u00e6nder det med en st\u00e6rkt lysende flamme. Ved en forbr\u00e6nding reagerer et stof, i dette tilf\u00e6lde magnesium, typisk med oxygen (kaldet en oxidant) under varmeudvikling og omdannelsen af stoffet til et andet stof. For magnesium kan reaktionen beskrives med f\u00f8lgende reaktionsskema<\/p>\n\n\n\n<p class=\" has-text-align-center eplus-wrapper\">\\(2 Mg(s) + O_2(g)\\to 2 MgO(s)\\)<\/p>\n\n\n\n<p class=\" eplus-wrapper\">Det er ikke n\u00f8dvendigt for magnesium at det ant\u00e6ndes direkte, da reaktionen ogs\u00e5 kan forl\u00f8be ved en kraftig ophedning.<\/p>\n\n\n<h2 class=\" wp-block-heading has-system-font-font-family eplus-wrapper eplus-styles-uid-856266\" style=\"font-style:normal;font-weight:200\">Form\u00e5l<\/h2>\n\n\n<p class=\" eplus-wrapper\">Form\u00e5let med dette fors\u00f8g er at fremstille magnesiumoxid ved at opvarme magnesium s\u00e5ledes at det reagerer med luftens dioxygen og det oxideres fuldst\u00e6ndigt til magnesiumoxid.<\/p>\n\n\n<h2 class=\" wp-block-heading has-system-font-font-family eplus-wrapper eplus-styles-uid-856266\" style=\"font-style:normal;font-weight:200\">Apparatur<\/h2>\n\n<ul class=\" wp-block-list eplus-wrapper eplus-styles-uid-7600b9\">\n<li class=\" eplus-wrapper\">Gasblus<\/li>\n\n\n\n<li class=\" eplus-wrapper\">Lighter<\/li>\n\n\n\n<li class=\" eplus-wrapper\">Trefod<\/li>\n\n\n\n<li class=\" eplus-wrapper\">Digeltrekant<\/li>\n\n\n\n<li class=\" eplus-wrapper\">Porcel\u00e6nsdigel med l\u00e5g<\/li>\n\n\n\n<li class=\" eplus-wrapper\">V\u00e6gt<\/li>\n\n\n\n<li class=\" eplus-wrapper\">Digeltang<\/li>\n<\/ul>\n\n<h2 class=\" wp-block-heading has-system-font-font-family eplus-wrapper eplus-styles-uid-856266\" style=\"font-style:normal;font-weight:200\">Kemikalier<\/h2>\n\n<ul class=\" wp-block-list eplus-wrapper eplus-styles-uid-cfce6c\">\n<li class=\" eplus-wrapper\">Magnesiumb\u00e5nd, \\(Mg(s)\\)<\/li>\n<\/ul>\n\n<p class=\" has-system-font-font-family eplus-wrapper eplus-styles-uid-856266\" style=\"font-style:normal;font-weight:200\">Fremgangsm\u00e5de<\/p>\n\n<ol class=\" wp-block-list eplus-wrapper eplus-styles-uid-100d01\">\n<li class=\" eplus-wrapper\">Varm b\u00e5de digel og l\u00e5g op et par minutter og afk\u00f8l den. <em>Hvorfor g\u00f8r vi mon dette?<\/em><\/li>\n\n\n\n<li class=\" eplus-wrapper\">Mens digel og l\u00e5g afk\u00f8les bestemmes formelmasserne i u for de tre formelenheder, magnesium (\\(Mg\\)), dioxygen (\\(O_2\\)) og magnesiumoxid (\\(MgO\\)).<\/li>\n\n\n\n<li class=\" eplus-wrapper\">N\u00e5r digel og l\u00e5g er afk\u00f8let vejes de og massen, \\(m_1\\), noteres med tre decimaler.<\/li>\n\n\n\n<li class=\" eplus-wrapper\">Afvej ca. 0,1 g blankpudset magnesium (5 &#8211; 6 cm magnesiumb\u00e5nd), anbring det i diglen med l\u00e5g og afvej diglen med l\u00e5g og indhold. Massen, \\(m_2\\), noteres med tre decimaler.<\/li>\n\n\n\n<li class=\" eplus-wrapper\">Opvarm diglen med bunsenbr\u00e6nderen i ca. 10 minutter. Husk med mellemrum at l\u00f8fte l\u00e5get med en digeltang s\u00e5ledes at der sikres tilf\u00f8rsel af dioxygen.<\/li>\n\n\n\n<li class=\" eplus-wrapper\">Sluk for gassen og lad diglen afk\u00f8le. N\u00e5r den er afk\u00f8let vejes diglen med l\u00e5g og indhold masse med tre decimaler og noteres som \\(m_3\\).<\/li>\n<\/ol>\n\n<p class=\" has-system-font-font-family eplus-wrapper eplus-styles-uid-856266\" style=\"font-style:normal;font-weight:200\">Databehandling<\/p>\n\n<ol class=\" wp-block-list eplus-wrapper eplus-styles-uid-742fa1\">\n<li class=\" eplus-wrapper\">Beregn massen af magnesium ud fra de m\u00e5lte masser \\(m_1\\) og \\(m_2\\).<\/li>\n\n\n\n<li class=\" eplus-wrapper\">Beregn massen af magnesiumoxid ud fra de m\u00e5lte masser \\(m_1\\) og \\(m_3\\). <em>Denne masse kaldes det praktiske udbytte<\/em>.<\/li>\n\n\n\n<li class=\" eplus-wrapper\">Beregn, hvor meget magnesiumoxid der burde have v\u00e6ret dannet ud fra den anvendte m\u00e6ngde magnesium. <em>Denne masse kaldes det teoretiske udbytte<\/em>.<\/li>\n<\/ol>\n\n\n<p class=\" has-text-align-center eplus-wrapper\">\\(m(MgO)=\\frac{\\text{formelmassen af MgO}}{\\text{formelmassen af Mg}}\\cdot m(Mg)\\)<\/p>\n\n\n<ol start=\"4\" class=\" wp-block-list eplus-wrapper eplus-styles-uid-25b8f6\">\n<li class=\" eplus-wrapper\">Beregn udbyttet i %<\/li>\n<\/ol>\n\n\n<p class=\" has-text-align-center eplus-wrapper\">\\(\\text{udbytte i %}=\\frac{\\text{praktisk udbytte}}{\\text{teoretisk udbytte}}\\cdot 100%\\)<\/p>\n\n\n<ol start=\"5\" class=\" wp-block-list eplus-wrapper eplus-styles-uid-dadcbf\">\n<li class=\" eplus-wrapper\">Overvej hvilke grunde der kunne v\u00e6re for at I ikke har f\u00e5et en udbytteprocent p\u00e5 100%.<\/li>\n<\/ol>","protected":false},"excerpt":{"rendered":"<p>Form\u00e5let med dette fors\u00f8g er at fremstille magnesiumoxid ved at opvarme magnesium s\u00e5ledes at det reagere med luftens dioxygen og det oxideres fuldst\u00e6ndigt til magnesiumoxid.<\/p>\n","protected":false},"author":1,"featured_media":2775,"parent":0,"menu_order":0,"comment_status":"closed","ping_status":"closed","template":"","meta":{"ub_ctt_via":"","editor_plus_copied_stylings":"{}","footnotes":""},"categories":[55,43],"tags":[],"class_list":["post-2771","page","type-page","status-publish","has-post-thumbnail","hentry","category-forsoeg-kemi","category-kemi"],"featured_image_src":"https:\/\/i0.wp.com\/mxth.dk\/wp-content\/uploads\/2023\/10\/nong-qwvv5QD0It0-unsplash-scaled.jpg?fit=1708%2C2560&ssl=1","jetpack_sharing_enabled":true,"_links":{"self":[{"href":"https:\/\/mxth.dk\/index.php?rest_route=\/wp\/v2\/pages\/2771","targetHints":{"allow":["GET"]}}],"collection":[{"href":"https:\/\/mxth.dk\/index.php?rest_route=\/wp\/v2\/pages"}],"about":[{"href":"https:\/\/mxth.dk\/index.php?rest_route=\/wp\/v2\/types\/page"}],"author":[{"embeddable":true,"href":"https:\/\/mxth.dk\/index.php?rest_route=\/wp\/v2\/users\/1"}],"replies":[{"embeddable":true,"href":"https:\/\/mxth.dk\/index.php?rest_route=%2Fwp%2Fv2%2Fcomments&post=2771"}],"version-history":[{"count":5,"href":"https:\/\/mxth.dk\/index.php?rest_route=\/wp\/v2\/pages\/2771\/revisions"}],"predecessor-version":[{"id":3915,"href":"https:\/\/mxth.dk\/index.php?rest_route=\/wp\/v2\/pages\/2771\/revisions\/3915"}],"wp:featuredmedia":[{"embeddable":true,"href":"https:\/\/mxth.dk\/index.php?rest_route=\/wp\/v2\/media\/2775"}],"wp:attachment":[{"href":"https:\/\/mxth.dk\/index.php?rest_route=%2Fwp%2Fv2%2Fmedia&parent=2771"}],"wp:term":[{"taxonomy":"category","embeddable":true,"href":"https:\/\/mxth.dk\/index.php?rest_route=%2Fwp%2Fv2%2Fcategories&post=2771"},{"taxonomy":"post_tag","embeddable":true,"href":"https:\/\/mxth.dk\/index.php?rest_route=%2Fwp%2Fv2%2Ftags&post=2771"}],"curies":[{"name":"wp","href":"https:\/\/api.w.org\/{rel}","templated":true}]}}