{"id":3069,"date":"2024-02-27T12:46:32","date_gmt":"2024-02-27T11:46:32","guid":{"rendered":"https:\/\/mxth.dk\/?page_id=3069"},"modified":"2024-11-15T13:20:59","modified_gmt":"2024-11-15T12:20:59","slug":"forsoeg-nahco3-i-treo","status":"publish","type":"page","link":"https:\/\/mxth.dk\/?page_id=3069","title":{"rendered":"NaHCO3 i treo"},"content":{"rendered":"\n<div class=\" wp-block-cover alignfull eplus-wrapper\"><span aria-hidden=\"true\" class=\"wp-block-cover__background has-background-dim\"><\/span><img data-recalc-dims=\"1\" loading=\"lazy\" decoding=\"async\" width=\"2560\" height=\"1707\" class=\"wp-block-cover__image-background wp-image-3070\" alt=\"\" src=\"https:\/\/i0.wp.com\/mxth.dk\/wp-content\/uploads\/2024\/02\/giorgio-trovato-Va-lIejKNRE-unsplash-scaled.jpg?resize=2560%2C1707&#038;ssl=1\" data-object-fit=\"cover\" srcset=\"https:\/\/i0.wp.com\/mxth.dk\/wp-content\/uploads\/2024\/02\/giorgio-trovato-Va-lIejKNRE-unsplash-scaled.jpg?w=2560&amp;ssl=1 2560w, https:\/\/i0.wp.com\/mxth.dk\/wp-content\/uploads\/2024\/02\/giorgio-trovato-Va-lIejKNRE-unsplash-scaled.jpg?resize=300%2C200&amp;ssl=1 300w, https:\/\/i0.wp.com\/mxth.dk\/wp-content\/uploads\/2024\/02\/giorgio-trovato-Va-lIejKNRE-unsplash-scaled.jpg?resize=1024%2C683&amp;ssl=1 1024w, https:\/\/i0.wp.com\/mxth.dk\/wp-content\/uploads\/2024\/02\/giorgio-trovato-Va-lIejKNRE-unsplash-scaled.jpg?resize=768%2C512&amp;ssl=1 768w, https:\/\/i0.wp.com\/mxth.dk\/wp-content\/uploads\/2024\/02\/giorgio-trovato-Va-lIejKNRE-unsplash-scaled.jpg?resize=1536%2C1024&amp;ssl=1 1536w, https:\/\/i0.wp.com\/mxth.dk\/wp-content\/uploads\/2024\/02\/giorgio-trovato-Va-lIejKNRE-unsplash-scaled.jpg?resize=2048%2C1365&amp;ssl=1 2048w\" sizes=\"auto, (max-width: 1000px) 100vw, 1000px\" \/><div class=\"wp-block-cover__inner-container is-layout-constrained wp-block-cover-is-layout-constrained\"><p class=\" has-text-align-center has-large-font-size eplus-wrapper eplus-styles-uid-11d6d4\">FORS\u00d8G<\/p>\n\n<p class=\" has-text-align-center eplus-wrapper eplus-styles-uid-83a57b\">natriumhydrogencarbonat i TREO\u00ae tabletter<\/p><\/div><\/div>\n\n\n\n<p class=\" has-text-align-right eplus-wrapper\">Photo by <a href=\"https:\/\/unsplash.com\/@giorgiotrovato?utm_content=creditCopyText&amp;utm_medium=referral&amp;utm_source=unsplash\">Giorgio Trovato<\/a> on <a href=\"https:\/\/unsplash.com\/photos\/water-droplets-on-glass-surface-Va-lIejKNRE?utm_content=creditCopyText&amp;utm_medium=referral&amp;utm_source=unsplash\">Unsplash<\/a><\/p>\n\n\n\n<p class=\" eplus-wrapper\">Brusetabletter best\u00e5r af en fast syre og en fast base, der er presset sammen til en tablet. N\u00e5r tabletten bliver v\u00e5d, vil syren og basen reagere med hinanden. Basen er n\u00e6sten altid natriumhydrogencarbonat. Ved reaktionen med syren dannes carbonsyre, men carbonsyre er ustabil og spalter hurtigt til carbondioxid og vand. Bruset er alts\u00e5 carbondioxid.<\/p>\n\n\n\n<p class=\" eplus-wrapper\">TREO\u00ae er et l\u00e6gemiddel, der bruges mod lettere smerter. Det aktive stof er acetylsalicylsyre. Tabletten best\u00e5r af 500 mg acetylsalicylsyre og tilstr\u00e6kkeligt natriumhydrogencarbonat.<\/p>\n\n\n\n<p class=\" eplus-wrapper\">Fors\u00f8gets form\u00e5l er at finde massen af natriumhydrogencarbonat i en Treo-tablet.<\/p>\n\n\n\n<p class=\" eplus-wrapper\">Fors\u00f8get bygger p\u00e5, at 1 mol gas under normale forhold fylder 24 liter. Det kan udtrykkes i formlen:<\/p>\n\n\n\n<p class=\" has-text-align-center eplus-wrapper\">\\(V = N\\cdot V_m = n\\cdot 24 L\/mol\\)<\/p>\n\n\n\n<p class=\" eplus-wrapper\">N\u00e5r tabletten kommer i forbindelse med vandet, sker f\u00f8lgende reaktion:<\/p>\n\n\n\n<p class=\" has-text-align-center eplus-wrapper\">\\(NaHCO_3(s)&nbsp; +&nbsp; H+(aq)&nbsp; \\rightarrow&nbsp; Na+(aq)&nbsp; +&nbsp; CO_2(g) +&nbsp; H_2O(l)\\)<\/p>\n\n\n<h2 class=\" wp-block-heading has-system-font-font-family eplus-wrapper eplus-styles-uid-60760d\" style=\"font-style:normal;font-weight:200\">Form\u00e5l<\/h2>\n\n\n<p class=\" eplus-wrapper\">At bestemme indholdet af natriumhydrogencarbonat i en TREO\u00ae tablet<\/p>\n\n\n<h2 class=\" wp-block-heading has-system-font-font-family eplus-wrapper eplus-styles-uid-856266\" style=\"font-style:normal;font-weight:200\">Apperatur<\/h2>\n\n<ul class=\" wp-block-list eplus-wrapper eplus-styles-uid-c2a3f1\">\n<li class=\" eplus-wrapper\">Konisk kolbe (250 mL)<\/li>\n\n\n\n<li class=\" eplus-wrapper\">prop<\/li>\n\n\n\n<li class=\" eplus-wrapper\">glasr\u00f8r<\/li>\n\n\n\n<li class=\" eplus-wrapper\">slange<\/li>\n\n\n\n<li class=\" eplus-wrapper\">M\u00e5leglas (250 mL)<\/li>\n\n\n\n<li class=\" eplus-wrapper\">Vask<\/li>\n<\/ul>\n\n<h2 class=\" wp-block-heading has-system-font-font-family eplus-wrapper eplus-styles-uid-856266\" style=\"font-style:normal;font-weight:200\">Kemikalier<\/h2>\n\n<ul class=\" wp-block-list eplus-wrapper eplus-styles-uid-1c017d\">\n<li class=\" eplus-wrapper\">TREO\u00ae tablet<\/li>\n<\/ul>\n\n<p class=\" has-system-font-font-family eplus-wrapper eplus-styles-uid-856266\" style=\"font-style:normal;font-weight:200\">Fremgangsm\u00e5de<\/p>\n\n<ul class=\" wp-block-list eplus-wrapper eplus-styles-uid-b7f802\">\n<li class=\" eplus-wrapper\">S\u00e6t glasr\u00f8rret i proppen og tilslut slangen til r\u00f8ret<\/li>\n\n\n\n<li class=\" eplus-wrapper\">Fyld en vask med postevand<\/li>\n\n\n\n<li class=\" eplus-wrapper\">Fyld m\u00e5leglasset med vand og ved det op hovedet i vasken s\u00e5ledes at vandet forbliver i m\u00e5leglasset og det stadig er HELT fyldt med vand<\/li>\n\n\n\n<li class=\" eplus-wrapper\">Tils\u00e6t lidt vand til den koniske kolbe<\/li>\n\n\n\n<li class=\" eplus-wrapper\">Placer den \u00e5bne ende af slangen under m\u00e5leglasset i vandet<\/li>\n\n\n\n<li class=\" eplus-wrapper\">Tilt den koniske kolbe s\u00e5ledes at vandet ikke ryger ud med at du kan balancere en TREO\u00ae tablet i halsen p\u00e5 flasken<\/li>\n\n\n\n<li class=\" eplus-wrapper\">S\u00e6t nu proppen i den koniske kolbe og lad TREO\u00ae tabletten ryge ned i vandet<\/li>\n\n\n\n<li class=\" eplus-wrapper\">Vendt indtil al TREO\u00ae tabletten er opl\u00f8st.<\/li>\n<\/ul>\n\n<p class=\" has-system-font-font-family eplus-wrapper eplus-styles-uid-856266\" style=\"font-style:normal;font-weight:200\">Databehandling<\/p>\n\n<ol class=\" wp-block-list eplus-wrapper eplus-styles-uid-5749ef\">\n<li class=\" eplus-wrapper\">Beregn stofm\u00e6ngden af \\(CO_2\\) ved hj\u00e6lp af formlen ovenfor.<\/li>\n\n\n\n<li class=\" eplus-wrapper\">Hvor stor er stofm\u00e6ngden af \\(NaHCO_3\\) i tabletten?<\/li>\n\n\n\n<li class=\" eplus-wrapper\">Beregn massen af \\(NaHCO_3\\) og sammenlign resultatet med varedeklarationen.<\/li>\n\n\n\n<li class=\" eplus-wrapper\">Beregningerne her foruds\u00e6tter, at trykket er 101 kPa og temperaturen 20 \u00b0C. Brug dine egne v\u00e6rdier for tryk og temperatur i lokalet og beregn p\u00e5 grundlag heraf en korrekt v\u00e6rdi for \\(<em>V<\/em>_m\\).<\/li>\n\n\n\n<li class=\" eplus-wrapper\">Under rumfangsfor\u00f8gelsen sker der fordampning af vand op i det &#8220;nye&#8221; rumfang, indtil det er m\u00e6ttet med vand. I hvilken retning p\u00e5virker det m\u00e5leresultatet og den beregnede masse af natriumhydrogencarbonat?<\/li>\n<\/ol>","protected":false},"excerpt":{"rendered":"<p>Brusetabletter best\u00e5r af en fast syre og en fast base, der er presset sammen til en tablet. N\u00e5r tabletten bliver v\u00e5d, vil syren og basen reagere med hinanden. Basen er n\u00e6sten altid natriumhydrogencarbonat. Ved reaktionen med syren dannes carbonsyre, men carbonsyre er ustabil og spalter hurtigt til carbondioxid og vand. Bruset er alts\u00e5 carbondioxid. Her vil vi bestemme indholdet af natriumhydrogencarbonat i en TREO\u00ae tablet<\/p>\n","protected":false},"author":1,"featured_media":3070,"parent":0,"menu_order":0,"comment_status":"closed","ping_status":"closed","template":"","meta":{"ub_ctt_via":"","editor_plus_copied_stylings":"{}","footnotes":""},"categories":[55,40,43],"tags":[],"class_list":["post-3069","page","type-page","status-publish","has-post-thumbnail","hentry","category-forsoeg-kemi","category-htx","category-kemi"],"featured_image_src":"https:\/\/i0.wp.com\/mxth.dk\/wp-content\/uploads\/2024\/02\/giorgio-trovato-Va-lIejKNRE-unsplash-scaled.jpg?fit=2560%2C1707&ssl=1","jetpack_sharing_enabled":true,"_links":{"self":[{"href":"https:\/\/mxth.dk\/index.php?rest_route=\/wp\/v2\/pages\/3069","targetHints":{"allow":["GET"]}}],"collection":[{"href":"https:\/\/mxth.dk\/index.php?rest_route=\/wp\/v2\/pages"}],"about":[{"href":"https:\/\/mxth.dk\/index.php?rest_route=\/wp\/v2\/types\/page"}],"author":[{"embeddable":true,"href":"https:\/\/mxth.dk\/index.php?rest_route=\/wp\/v2\/users\/1"}],"replies":[{"embeddable":true,"href":"https:\/\/mxth.dk\/index.php?rest_route=%2Fwp%2Fv2%2Fcomments&post=3069"}],"version-history":[{"count":5,"href":"https:\/\/mxth.dk\/index.php?rest_route=\/wp\/v2\/pages\/3069\/revisions"}],"predecessor-version":[{"id":3636,"href":"https:\/\/mxth.dk\/index.php?rest_route=\/wp\/v2\/pages\/3069\/revisions\/3636"}],"wp:featuredmedia":[{"embeddable":true,"href":"https:\/\/mxth.dk\/index.php?rest_route=\/wp\/v2\/media\/3070"}],"wp:attachment":[{"href":"https:\/\/mxth.dk\/index.php?rest_route=%2Fwp%2Fv2%2Fmedia&parent=3069"}],"wp:term":[{"taxonomy":"category","embeddable":true,"href":"https:\/\/mxth.dk\/index.php?rest_route=%2Fwp%2Fv2%2Fcategories&post=3069"},{"taxonomy":"post_tag","embeddable":true,"href":"https:\/\/mxth.dk\/index.php?rest_route=%2Fwp%2Fv2%2Ftags&post=3069"}],"curies":[{"name":"wp","href":"https:\/\/api.w.org\/{rel}","templated":true}]}}