{"id":3275,"date":"2024-05-15T22:14:19","date_gmt":"2024-05-15T20:14:19","guid":{"rendered":"https:\/\/mxth.dk\/?page_id=3275"},"modified":"2024-05-15T22:15:29","modified_gmt":"2024-05-15T20:15:29","slug":"plast-mysteriet","status":"publish","type":"page","link":"https:\/\/mxth.dk\/?page_id=3275","title":{"rendered":"Plast mysteriet"},"content":{"rendered":"\n<div class=\" wp-block-cover alignfull is-light eplus-wrapper\" style=\"min-height:240px;aspect-ratio:unset;\"><span aria-hidden=\"true\" class=\"wp-block-cover__background has-background-dim\" style=\"background-color:#ada29b\"><\/span><img data-recalc-dims=\"1\" loading=\"lazy\" decoding=\"async\" width=\"2560\" height=\"1702\" class=\"wp-block-cover__image-background wp-image-3276\" alt=\"\" src=\"https:\/\/i0.wp.com\/mxth.dk\/wp-content\/uploads\/2024\/05\/marc-newberry-9vcEn3BJyy8-unsplash-scaled.jpg?resize=2560%2C1702&#038;ssl=1\" data-object-fit=\"cover\" srcset=\"https:\/\/i0.wp.com\/mxth.dk\/wp-content\/uploads\/2024\/05\/marc-newberry-9vcEn3BJyy8-unsplash-scaled.jpg?w=2560&amp;ssl=1 2560w, https:\/\/i0.wp.com\/mxth.dk\/wp-content\/uploads\/2024\/05\/marc-newberry-9vcEn3BJyy8-unsplash-scaled.jpg?resize=300%2C199&amp;ssl=1 300w, https:\/\/i0.wp.com\/mxth.dk\/wp-content\/uploads\/2024\/05\/marc-newberry-9vcEn3BJyy8-unsplash-scaled.jpg?resize=1024%2C681&amp;ssl=1 1024w, https:\/\/i0.wp.com\/mxth.dk\/wp-content\/uploads\/2024\/05\/marc-newberry-9vcEn3BJyy8-unsplash-scaled.jpg?resize=768%2C511&amp;ssl=1 768w, https:\/\/i0.wp.com\/mxth.dk\/wp-content\/uploads\/2024\/05\/marc-newberry-9vcEn3BJyy8-unsplash-scaled.jpg?resize=1536%2C1021&amp;ssl=1 1536w, https:\/\/i0.wp.com\/mxth.dk\/wp-content\/uploads\/2024\/05\/marc-newberry-9vcEn3BJyy8-unsplash-scaled.jpg?resize=2048%2C1362&amp;ssl=1 2048w\" sizes=\"auto, (max-width: 1000px) 100vw, 1000px\" \/><div class=\"wp-block-cover__inner-container is-layout-constrained wp-block-cover-is-layout-constrained\"><p class=\" has-text-align-center has-large-font-size eplus-wrapper eplus-styles-uid-986573\">Fors\u00f8g<\/p>\n\n<p class=\" has-text-align-center eplus-wrapper eplus-styles-uid-8a0566\">plast mysteriet<\/p><\/div><\/div>\n\n\n<p class=\" eplus-wrapper eplus-styles-uid-91d856\">Photo by <a href=\"https:\/\/unsplash.com\/@downrightpunch?utm_content=creditCopyText&amp;utm_medium=referral&amp;utm_source=unsplash\">Marc Newberry<\/a> on <a href=\"https:\/\/unsplash.com\/photos\/multicolored-abstract-painting-9vcEn3BJyy8?utm_content=creditCopyText&amp;utm_medium=referral&amp;utm_source=unsplash\">Unsplash<\/a><\/p>\n\n\n<p class=\" eplus-wrapper\">Form\u00e5let med denne \u00f8velse er at afpr\u00f8ve nogle enkle fors\u00f8g, der kan bruges til at karakterisere forskellige plasttyper. At kende forskel p\u00e5 forskellige plastmaterialer er ikke nemt, hvis man ikke har erfaring. Der er dog en r\u00e6kke sm\u00e5 test som kan g\u00f8re det lettere. PVC kan p\u00e5vises ved en meget simpel metode, der kaldes &#8220;Beilsteins pr\u00f8ve&#8221;(chlorpr\u00f8ven). Den er baseret p\u00e5, at plasten ved kontakt med en ophedet kobbertr\u00e5d omdanner det sorte kobberoxid p\u00e5 kobberets overflade til kobberchlorid. Kobberchlorid vil fordampe ved den temperatur, der er i en gasflamme, og udsende kobbers karakteristiske flammefarve (gr\u00f8n). En r\u00e6kke andre plaststoffer kan unders\u00f8ges ud fra forskelle i massefylde (densitet). En r\u00e6kke plaststoffer<br>PE, PP og PVC opl\u00f8ses i reglen ikke, men PS-plast (polystyren) opl\u00f8ses (vil efter et par minutter blive bl\u00f8d og kl\u00e6brig) i en r\u00e6kke &#8220;almindelige&#8221;opl\u00f8sningsmidler f.eks. acetone<\/p>\n\n\n\n<p class=\" eplus-wrapper\">Form\u00e5l<\/p>\n\n\n\n<p class=\" eplus-wrapper\">At bestemme hvilken plasttype forskellige plaststykker er.<\/p>\n\n\n\n<p class=\" eplus-wrapper\">Apperatur<\/p>\n\n\n<ul class=\"eplus-wrapper wp-block-list eplus-styles-uid-7999a5\">\n<li class=\" eplus-wrapper\">kobbertr\u00e5d<\/li>\n\n\n\n<li class=\" eplus-wrapper\">gasblus<\/li>\n\n\n\n<li class=\" eplus-wrapper\">plastpropper til h\u00e5ndtag<\/li>\n\n\n\n<li class=\" eplus-wrapper\">b\u00e6gerglas<\/li>\n<\/ul>\n\n\n<p class=\" eplus-wrapper\">Kemikalier<\/p>\n\n\n<ul class=\"eplus-wrapper wp-block-list eplus-styles-uid-b3ed62\">\n<li class=\" eplus-wrapper\">Vand<\/li>\n\n\n\n<li class=\" eplus-wrapper\">acetone<\/li>\n\n\n\n<li class=\" eplus-wrapper\">6 forskellige plasttyper<ul class=\"eplus-wrapper wp-block-list eplus-styles-uid-8fb50e\">\n<li class=\" eplus-wrapper\">PS (polystyren)<\/li>\n\n\n\n<li class=\" eplus-wrapper\">PET (polyethyleneterephthalat)<\/li>\n\n\n\n<li class=\" eplus-wrapper\">PP (polypropylen)<\/li>\n\n\n\n<li class=\" eplus-wrapper\">PVC (polyvinylchlorid)<\/li>\n\n\n\n<li class=\" eplus-wrapper\">HDPE (h\u00f8j densitet polyethylen)<\/li>\n\n\n\n<li class=\" eplus-wrapper\">LDPE (lav densitet polyethylen)<\/li>\n<\/ul><\/li>\n<\/ul>\n\n\n<p class=\" eplus-wrapper\">Fremgangsm\u00e5de<\/p>\n\n\n<ul class=\"eplus-wrapper wp-block-list eplus-styles-uid-fff470\">\n<li class=\" eplus-wrapper\">6 af de udleverede plaststykker placeres i en lille beholder med vand. <br>Der r\u00f8res stille og roligt rundt. <br>Noter iagttagelser.<br>Hvad kan du sige om densiteten af plaststykkerne?<\/li>\n\n\n\n<li class=\" eplus-wrapper\">Lav en spritopl\u00f8sning (ca. 50%). Denne opl\u00f8sning vil have en densitet p\u00e5 ca. 0,91 \\(g\/cm^3\\). Placer de plaststykker som fl\u00f8d i vandet i denne opl\u00f8sning og r\u00f8r rundt. <br>Noter hvilke stykker der synker eller flyder.<br>Tils\u00e6t lidt mere sprit til opl\u00f8sningen og iagttag hvad der sker.<br>N\u00e5r der kun er et stykke der flyder tages dette op og placeres i et glas med &#8220;ren sprit opl\u00f8sning&#8221;(93 %). Denne opl\u00f8sning vil have en densitet p\u00e5 lidt mere end 0,79 \\(g\/cm^3\\). Man kan ogs\u00e5 anvende majsolie<br>(m\u00e6rket Mazola), der har en densitet p\u00e5 ca. 0,917 \\(g\/cm^3\\).<br>Hvad kan man sige om plaststykkernes massefylde?.<\/li>\n\n\n\n<li class=\" eplus-wrapper\">Nu unders\u00f8ges de plaststykker der sank i vand ved hj\u00e6lp af flammetest. UDF\u00d8RES I STINKSKAB.<br><strong>Flammetest<\/strong> &#8220;Beilsteins pr\u00f8ve&#8221;ogs\u00e5 kaldet chlorpr\u00f8ven kan udf\u00f8res p\u00e5 denne m\u00e5de:<br>Noter flammefarven (gul, orange, bl\u00e5, gr\u00f8n)<\/li>\n<\/ul>\n\n<p class=\" eplus-wrapper eplus-styles-uid-fe8b9d\">(a) S\u00e6t kobbertr\u00e5den fast i en prop. En kobbertr\u00e5d opvarmes i toppen af gasflammen fra en bunsenbr\u00e6nder nogle sekunder (indtil den ikke mere viser gr\u00f8n flammefarve).<\/p>\n\n<p class=\" eplus-wrapper eplus-styles-uid-fe8b9d\">(b) Den varme tr\u00e5d dyppes kortvarigt i plasten og f\u00f8res herefter tilbage i flammen. Hvis flammen bliver gr\u00f8n, har plasten indeholdt chlor.<\/p>\n\n<p class=\" eplus-wrapper eplus-styles-uid-e46fe2\">Er flammetesten en fysisk eller kemisk reaktion?<\/p>\n\n<ul class=\"eplus-wrapper wp-block-list eplus-styles-uid-8eebe2\">\n<li class=\" eplus-wrapper\">De plaststykker, der gav orange flammefarve unders\u00f8ges med acetone. Acetone er br\u00e6ndbart og skal d\u00e6kkes til n\u00e5r det ikke bruges.<br>H\u00e6ld lidt acetone op i et b\u00e6gerglas og tag to nye plaststykker af dem der br\u00e6ndte med orange flamme og placer dem i glasset med acetone.<br>En af plaststofferne vil ikke reagere, mens den anden vil blive svagt lysere\/hvidlig og bl\u00f8d.<\/li>\n\n\n\n<li class=\" eplus-wrapper\"><strong>Varmetest<\/strong>: 125 ml vand puttes i en 250 ml beholder, der s\u00e6ttes p\u00e5 en varm plade. Vand koges forsigtigt. Pas p\u00e5 det ikke koger t\u00f8rt. Tag et stykke af den plastik der ikke reagerede med acetone. Med en tang placeres stykket i det kogende vand.<br>Plastikstykket b\u00f8r blive bl\u00f8dt. Plasten er PET der ses en mere tydelig reaktion hvis man tager et stykke af en 2 L sodavandsflaske.<\/li>\n\n\n\n<li class=\" eplus-wrapper\"><strong>Termoplast eller ej?<\/strong> Termoplast kan smeltes og st\u00f8rknes flere gange uden at forkulle. Sm\u00e5 stykker plast kommes i et reagensglas, der opvarmes i flammen fra en bunsenbr\u00e6nder. Hvis plasten smelter<br>og falder sammen er det en termoplast. Plast der ikke er termoplast vil forkulle ved opvarmning. Opvarmningen skal g\u00e5 forsigtigt &#8211; ellers vil termoplasten forkulle. Da reagensglasset ikke kan reng\u00f8res<br>efterf\u00f8lgende, bruges det samme til alle fors\u00f8g. Start gerne med et der ser beskidt ud.<\/li>\n\n\n\n<li class=\" eplus-wrapper\"><strong>Br\u00e6ndtest<\/strong>: Testen udf\u00f8res i stinkskab. Et lille stykke af plasten holdes med en tang ind i flammen fra en bunsenbr\u00e6nder og tr\u00e6kkes umiddelbart efter igen ud af flammen.<\/li>\n<\/ul>\n\n\n<p class=\" eplus-wrapper\">I kan hente et bilag med karakteristika for forskellige plasttyper og deres densitet <a href=\"https:\/\/www.dropbox.com\/scl\/fi\/en60624c6l2meyxb3vus4\/Plast_mysteriet_bilag.pdf?rlkey=he69zirdixk8rlq1fiqpp0m6i&amp;dl=1\" target=\"_blank\" rel=\"noreferrer noopener nofollow\">her<\/a>.<\/p>\n","protected":false},"excerpt":{"rendered":"<p>Form\u00e5let med denne \u00f8velse er at afpr\u00f8ve nogle enkle fors\u00f8g, der kan bruges til at karakterisere forskellige plasttyper. At kende forskel p\u00e5 forskellige plastmaterialer er ikke nemt, hvis man ikke har erfaring. Der er dog en r\u00e6kke sm\u00e5 test som kan g\u00f8re det lettere.<\/p>\n","protected":false},"author":1,"featured_media":3276,"parent":0,"menu_order":0,"comment_status":"closed","ping_status":"closed","template":"","meta":{"ub_ctt_via":"","editor_plus_copied_stylings":"{}","footnotes":""},"categories":[55,40,43],"tags":[],"class_list":["post-3275","page","type-page","status-publish","has-post-thumbnail","hentry","category-forsoeg-kemi","category-htx","category-kemi"],"featured_image_src":"https:\/\/i0.wp.com\/mxth.dk\/wp-content\/uploads\/2024\/05\/marc-newberry-9vcEn3BJyy8-unsplash-scaled.jpg?fit=2560%2C1702&ssl=1","jetpack_sharing_enabled":true,"_links":{"self":[{"href":"https:\/\/mxth.dk\/index.php?rest_route=\/wp\/v2\/pages\/3275","targetHints":{"allow":["GET"]}}],"collection":[{"href":"https:\/\/mxth.dk\/index.php?rest_route=\/wp\/v2\/pages"}],"about":[{"href":"https:\/\/mxth.dk\/index.php?rest_route=\/wp\/v2\/types\/page"}],"author":[{"embeddable":true,"href":"https:\/\/mxth.dk\/index.php?rest_route=\/wp\/v2\/users\/1"}],"replies":[{"embeddable":true,"href":"https:\/\/mxth.dk\/index.php?rest_route=%2Fwp%2Fv2%2Fcomments&post=3275"}],"version-history":[{"count":2,"href":"https:\/\/mxth.dk\/index.php?rest_route=\/wp\/v2\/pages\/3275\/revisions"}],"predecessor-version":[{"id":3278,"href":"https:\/\/mxth.dk\/index.php?rest_route=\/wp\/v2\/pages\/3275\/revisions\/3278"}],"wp:featuredmedia":[{"embeddable":true,"href":"https:\/\/mxth.dk\/index.php?rest_route=\/wp\/v2\/media\/3276"}],"wp:attachment":[{"href":"https:\/\/mxth.dk\/index.php?rest_route=%2Fwp%2Fv2%2Fmedia&parent=3275"}],"wp:term":[{"taxonomy":"category","embeddable":true,"href":"https:\/\/mxth.dk\/index.php?rest_route=%2Fwp%2Fv2%2Fcategories&post=3275"},{"taxonomy":"post_tag","embeddable":true,"href":"https:\/\/mxth.dk\/index.php?rest_route=%2Fwp%2Fv2%2Ftags&post=3275"}],"curies":[{"name":"wp","href":"https:\/\/api.w.org\/{rel}","templated":true}]}}