{"id":41,"date":"2020-01-04T07:38:04","date_gmt":"2020-01-04T07:38:04","guid":{"rendered":"https:\/\/henriksenmatematik.wordpress.com\/hvad-er-differentialregning\/"},"modified":"2022-01-13T13:13:24","modified_gmt":"2022-01-13T12:13:24","slug":"hvad-er-differentialregning","status":"publish","type":"page","link":"https:\/\/mxth.dk\/?page_id=41","title":{"rendered":"Hvad er differentialregning"},"content":{"rendered":"\n<p class=\" eplus-wrapper\">Vi skal til at starte p\u00e5 differentialregningen, men inden vi begynder skal vi lige se p\u00e5 hvad differentialregning er. Herunder er der til at starte med et par klip som alle p\u00e5 en eller anden m\u00e5de har noget med differentialregning at g\u00f8re og som der i videoen nederst bliver g\u00e5et i dybden. Noget af det har vi allerede set p\u00e5 i fysik andet er noget helt nyt. Men f\u00f8rst til et par hurtige klip.<\/p>\n\n\n\n<p class=\" eplus-wrapper\">Taxi (1998) &#8211; 3 minutter<\/p>\n\n\n\n<figure class=\"wp-block-embed-youtube aligncenter wp-block-embed is-type-rich wp-embed-aspect-16-9 wp-has-aspect-ratio\"><div class=\"wp-block-embed__wrapper\">\n<span class=\"embed-youtube\" style=\"text-align:center; display: block;\"><iframe loading=\"lazy\" class=\"youtube-player\" width=\"640\" height=\"360\" src=\"https:\/\/www.youtube.com\/embed\/buQxF0eIeXI?version=3&#038;rel=1&#038;showsearch=0&#038;showinfo=1&#038;iv_load_policy=1&#038;fs=1&#038;hl=da-DK&#038;autohide=2&#038;wmode=transparent\" allowfullscreen=\"true\" style=\"border:0;\" sandbox=\"allow-scripts allow-same-origin allow-popups allow-presentation allow-popups-to-escape-sandbox\"><\/iframe><\/span>\n<\/div><\/figure>\n\n\n\n<p class=\" eplus-wrapper\">Usain Bolt sl\u00e5r Tyson Gay (2009) &#8211; 2 minutter<\/p>\n\n\n\n<figure class=\"wp-block-embed-youtube wp-block-embed is-type-rich wp-embed-aspect-16-9 wp-has-aspect-ratio\"><div class=\"wp-block-embed__wrapper\">\n<span class=\"embed-youtube\" style=\"text-align:center; display: block;\"><iframe loading=\"lazy\" class=\"youtube-player\" width=\"640\" height=\"360\" src=\"https:\/\/www.youtube.com\/embed\/By1JQFxfLMM?version=3&#038;rel=1&#038;showsearch=0&#038;showinfo=1&#038;iv_load_policy=1&#038;fs=1&#038;hl=da-DK&#038;autohide=2&#038;wmode=transparent\" allowfullscreen=\"true\" style=\"border:0;\" sandbox=\"allow-scripts allow-same-origin allow-popups allow-presentation allow-popups-to-escape-sandbox\"><\/iframe><\/span>\n<\/div><\/figure>\n\n\n\n<p class=\" eplus-wrapper\">The Hudsucker Proxy (1994) &#8211; 2,5 minutter<\/p>\n\n\n\n<figure class=\"wp-block-embed-youtube wp-block-embed is-type-rich wp-embed-aspect-16-9 wp-has-aspect-ratio\"><div class=\"wp-block-embed__wrapper\">\n<span class=\"embed-youtube\" style=\"text-align:center; display: block;\"><iframe loading=\"lazy\" class=\"youtube-player\" width=\"640\" height=\"360\" src=\"https:\/\/www.youtube.com\/embed\/_SwvSu3jxAA?version=3&#038;rel=1&#038;showsearch=0&#038;showinfo=1&#038;iv_load_policy=1&#038;fs=1&#038;hl=da-DK&#038;autohide=2&#038;wmode=transparent\" allowfullscreen=\"true\" style=\"border:0;\" sandbox=\"allow-scripts allow-same-origin allow-popups allow-presentation allow-popups-to-escape-sandbox\"><\/iframe><\/span>\n<\/div><\/figure>\n\n\n\n<p class=\" eplus-wrapper\">Time-Laps af et spirende l\u00f8g (2018) &#8211; 3 minutter<\/p>\n\n\n\n<figure class=\"wp-block-embed-youtube wp-block-embed is-type-rich wp-embed-aspect-16-9 wp-has-aspect-ratio\"><div class=\"wp-block-embed__wrapper\">\n<span class=\"embed-youtube\" style=\"text-align:center; display: block;\"><iframe loading=\"lazy\" class=\"youtube-player\" width=\"640\" height=\"360\" src=\"https:\/\/www.youtube.com\/embed\/w77zPAtVTuI?version=3&#038;rel=1&#038;showsearch=0&#038;showinfo=1&#038;iv_load_policy=1&#038;fs=1&#038;hl=da-DK&#038;autohide=2&#038;wmode=transparent\" allowfullscreen=\"true\" style=\"border:0;\" sandbox=\"allow-scripts allow-same-origin allow-popups allow-presentation allow-popups-to-escape-sandbox\"><\/iframe><\/span>\n<\/div><\/figure>\n\n\n\n<p class=\" eplus-wrapper\">Men hvad har alt dette med differentialregning at g\u00f8re. Lad os se lidt mere i dybden p\u00e5 de forskellige eksempler, plus lidt flere for at se hvad det hele g\u00e5r ud p\u00e5.<\/p>\n\n\n\n<figure class=\"wp-block-embed-youtube alignfull wp-block-embed is-type-rich wp-embed-aspect-16-9 wp-has-aspect-ratio\"><div class=\"wp-block-embed__wrapper\">\n<span class=\"embed-youtube\" style=\"text-align:center; display: block;\"><iframe loading=\"lazy\" class=\"youtube-player\" width=\"640\" height=\"360\" src=\"https:\/\/www.youtube.com\/embed\/APgxqD1RCFM?version=3&#038;rel=1&#038;showsearch=0&#038;showinfo=1&#038;iv_load_policy=1&#038;fs=1&#038;hl=da-DK&#038;autohide=2&#038;wmode=transparent\" allowfullscreen=\"true\" style=\"border:0;\" sandbox=\"allow-scripts allow-same-origin allow-popups allow-presentation allow-popups-to-escape-sandbox\"><\/iframe><\/span>\n<\/div><\/figure>\n\n\n\n<blockquote class=\"wp-block-quote eplus-wrapper is-layout-flow wp-block-quote-is-layout-flow\"><p>N\u00e5r du t\u00e6nker eller h\u00f8rer differentialregning skal du t\u00e6nke h\u00e6ldning og n\u00e5r du t\u00e6nker eller h\u00f8rer h\u00e6ldning skal du t\u00e6nker differentialregning. De to er forbundet.<\/p><\/blockquote>\n","protected":false},"excerpt":{"rendered":"<p>Vi skal til at starte p\u00e5 differentialregningen, men inden vi begynder skal vi lige se p\u00e5 hvad differentialregning er. Herunder er der til at starte med et par klip som alle p\u00e5 en eller anden m\u00e5de har noget med differentialregning at g\u00f8re og som der i videoen nederst bliver g\u00e5et i dybden. Noget af det [&hellip;]<\/p>\n","protected":false},"author":1,"featured_media":0,"parent":0,"menu_order":0,"comment_status":"closed","ping_status":"closed","template":"","meta":{"ub_ctt_via":"","editor_plus_copied_stylings":"{}","footnotes":""},"categories":[11,3],"tags":[],"class_list":["post-41","page","type-page","status-publish","hentry","category-differentialregning","category-matematik"],"featured_image_src":null,"jetpack_sharing_enabled":true,"_links":{"self":[{"href":"https:\/\/mxth.dk\/index.php?rest_route=\/wp\/v2\/pages\/41","targetHints":{"allow":["GET"]}}],"collection":[{"href":"https:\/\/mxth.dk\/index.php?rest_route=\/wp\/v2\/pages"}],"about":[{"href":"https:\/\/mxth.dk\/index.php?rest_route=\/wp\/v2\/types\/page"}],"author":[{"embeddable":true,"href":"https:\/\/mxth.dk\/index.php?rest_route=\/wp\/v2\/users\/1"}],"replies":[{"embeddable":true,"href":"https:\/\/mxth.dk\/index.php?rest_route=%2Fwp%2Fv2%2Fcomments&post=41"}],"version-history":[{"count":1,"href":"https:\/\/mxth.dk\/index.php?rest_route=\/wp\/v2\/pages\/41\/revisions"}],"predecessor-version":[{"id":1052,"href":"https:\/\/mxth.dk\/index.php?rest_route=\/wp\/v2\/pages\/41\/revisions\/1052"}],"wp:attachment":[{"href":"https:\/\/mxth.dk\/index.php?rest_route=%2Fwp%2Fv2%2Fmedia&parent=41"}],"wp:term":[{"taxonomy":"category","embeddable":true,"href":"https:\/\/mxth.dk\/index.php?rest_route=%2Fwp%2Fv2%2Fcategories&post=41"},{"taxonomy":"post_tag","embeddable":true,"href":"https:\/\/mxth.dk\/index.php?rest_route=%2Fwp%2Fv2%2Ftags&post=41"}],"curies":[{"name":"wp","href":"https:\/\/api.w.org\/{rel}","templated":true}]}}