{"id":55,"date":"2020-01-05T18:59:12","date_gmt":"2020-01-05T18:59:12","guid":{"rendered":"https:\/\/henriksenmatematik.wordpress.com\/apple-shortcuts\/"},"modified":"2020-01-05T18:59:12","modified_gmt":"2020-01-05T18:59:12","slug":"apple-shortcuts","status":"publish","type":"page","link":"https:\/\/mxth.dk\/?page_id=55","title":{"rendered":"Apple Shortcuts"},"content":{"rendered":"\n<figure class=\"wp-block-image size-large\"><img data-recalc-dims=\"1\" decoding=\"async\" src=\"https:\/\/i0.wp.com\/172.105.246.247\/wp-content\/uploads\/2020\/01\/512x512bb-2-1.png\" alt=\"\" class=\"wp-image-67\"\/><\/figure>\n\n\n\n<p>Herunder findes genveje som jeg har fundet brugbare til at lette arbejdsgangen i brugen af iPad i forbindelse med undervisning. Lige nu er der ikke s\u00e5 mange men som jeg kommer p\u00e5 flere vil de blive postet her p\u00e5 siden. Der er ikke s\u00e5 mange kommentarer i dem p\u00e5 nuv\u00e6rende tidspunkt men planen er at de bliver mere udbygget. <\/p>\n\n\n\n<p>Som der kommer flere kan det v\u00e6re de bliver delt ind i kategorier, men som det er nu er det bare en random liste.<\/p>\n\n\n\n<p class=\"has-text-align-center\"><\/p>\n\n\n\n<div class=\"wp-block-media-text alignwide is-stacked-on-mobile\"><figure class=\"wp-block-media-text__media\"><img data-recalc-dims=\"1\" decoding=\"async\" src=\"https:\/\/i0.wp.com\/172.105.246.247\/wp-content\/uploads\/2020\/01\/mus-2.png\" alt=\"\" class=\"wp-image-59 size-full\"\/><\/figure><div class=\"wp-block-media-text__content\">\n<p>En genvej til n\u00e5r tilslutter en mus. Den er vist i widgets s\u00e5 n\u00e5r en mus tilsluttes benyttes denne genvej til at sl\u00e5 Assistive Touch til og n\u00e5r missen frakobles kan Assistive Touch sl\u00e5es fra med genvejen.<br><br><a href=\"https:\/\/www.icloud.com\/shortcuts\/23faf40724834e3d9e6c047dab28ac01\" target=\"_blank\" rel=\"noreferrer noopener\" aria-label=\"Hent genvej her (opens in a new tab)\">Hent genvej her<\/a><\/p>\n<\/div><\/div>\n\n\n\n<hr class=\"wp-block-separator\"\/>\n","protected":false},"excerpt":{"rendered":"<p>Herunder findes genveje som jeg har fundet brugbare til at lette arbejdsgangen i brugen af iPad i forbindelse med undervisning. Lige nu er der ikke s\u00e5 mange men som jeg kommer p\u00e5 flere vil de blive postet her p\u00e5 siden. Der er ikke s\u00e5 mange kommentarer i dem p\u00e5 nuv\u00e6rende tidspunkt men planen er at [&hellip;]<\/p>\n","protected":false},"author":1,"featured_media":0,"parent":0,"menu_order":0,"comment_status":"closed","ping_status":"closed","template":"","meta":{"ub_ctt_via":"","editor_plus_copied_stylings":"{}","footnotes":""},"categories":[],"tags":[],"class_list":["post-55","page","type-page","status-publish","hentry"],"featured_image_src":null,"jetpack_sharing_enabled":true,"_links":{"self":[{"href":"https:\/\/mxth.dk\/index.php?rest_route=\/wp\/v2\/pages\/55","targetHints":{"allow":["GET"]}}],"collection":[{"href":"https:\/\/mxth.dk\/index.php?rest_route=\/wp\/v2\/pages"}],"about":[{"href":"https:\/\/mxth.dk\/index.php?rest_route=\/wp\/v2\/types\/page"}],"author":[{"embeddable":true,"href":"https:\/\/mxth.dk\/index.php?rest_route=\/wp\/v2\/users\/1"}],"replies":[{"embeddable":true,"href":"https:\/\/mxth.dk\/index.php?rest_route=%2Fwp%2Fv2%2Fcomments&post=55"}],"version-history":[{"count":0,"href":"https:\/\/mxth.dk\/index.php?rest_route=\/wp\/v2\/pages\/55\/revisions"}],"wp:attachment":[{"href":"https:\/\/mxth.dk\/index.php?rest_route=%2Fwp%2Fv2%2Fmedia&parent=55"}],"wp:term":[{"taxonomy":"category","embeddable":true,"href":"https:\/\/mxth.dk\/index.php?rest_route=%2Fwp%2Fv2%2Fcategories&post=55"},{"taxonomy":"post_tag","embeddable":true,"href":"https:\/\/mxth.dk\/index.php?rest_route=%2Fwp%2Fv2%2Ftags&post=55"}],"curies":[{"name":"wp","href":"https:\/\/api.w.org\/{rel}","templated":true}]}}