{"id":8,"date":"2021-01-19T05:49:40","date_gmt":"2021-01-19T05:49:40","guid":{"rendered":"http:\/\/172.105.246.247\/?page_id=8"},"modified":"2022-09-23T11:06:19","modified_gmt":"2022-09-23T09:06:19","slug":"velkommen","status":"publish","type":"page","link":"https:\/\/mxth.dk\/","title":{"rendered":"Velkommen"},"content":{"rendered":"\n<p class=\" eplus-wrapper\">Denne side er tilt\u00e6nkt at v\u00e6re samlingssted for de videoer som er basis for pensum.<\/p>\n\n\n\n<p class=\" eplus-wrapper\">I toppen er den menu der hedder forl\u00f8b. Under denne findes de emner som vi er igennem. Hver af emnerne best\u00e5r af en r\u00e6kke indl\u00e6g med videoer. Nogle af dem indeholder kun videoen, mens andre er der noget tekst til i varierende l\u00e6ngde.<\/p>\n\n\n\n<p class=\" eplus-wrapper\">Hvis du finder noget som er uhensigtsm\u00e6ssigt s\u00e5 sig endelig til.<\/p>\n\n\n\n<p class=\"has-text-align-right eplus-wrapper\">Med venlig hilsen,<\/p>\n\n\n\n<p class=\"has-text-align-right eplus-wrapper\">Michael<\/p>\n\n\n\n<p class=\" eplus-wrapper\">Stadig under udarbejdelse!<\/p>\n","protected":false},"excerpt":{"rendered":"<p>Denne side er tilt\u00e6nkt at v\u00e6re samlingssted for de videoer som er basis for pensum. I toppen er den menu der hedder forl\u00f8b. Under denne findes de emner som vi er igennem. Hver af emnerne best\u00e5r af en r\u00e6kke indl\u00e6g med videoer. Nogle af dem indeholder kun videoen, mens andre er der noget tekst til [&hellip;]<\/p>\n","protected":false},"author":1,"featured_media":0,"parent":0,"menu_order":0,"comment_status":"closed","ping_status":"closed","template":"","meta":{"ub_ctt_via":"","editor_plus_copied_stylings":"{}","footnotes":""},"categories":[],"tags":[],"class_list":["post-8","page","type-page","status-publish","hentry"],"featured_image_src":null,"jetpack_sharing_enabled":true,"_links":{"self":[{"href":"https:\/\/mxth.dk\/index.php?rest_route=\/wp\/v2\/pages\/8","targetHints":{"allow":["GET"]}}],"collection":[{"href":"https:\/\/mxth.dk\/index.php?rest_route=\/wp\/v2\/pages"}],"about":[{"href":"https:\/\/mxth.dk\/index.php?rest_route=\/wp\/v2\/types\/page"}],"author":[{"embeddable":true,"href":"https:\/\/mxth.dk\/index.php?rest_route=\/wp\/v2\/users\/1"}],"replies":[{"embeddable":true,"href":"https:\/\/mxth.dk\/index.php?rest_route=%2Fwp%2Fv2%2Fcomments&post=8"}],"version-history":[{"count":1,"href":"https:\/\/mxth.dk\/index.php?rest_route=\/wp\/v2\/pages\/8\/revisions"}],"predecessor-version":[{"id":1906,"href":"https:\/\/mxth.dk\/index.php?rest_route=\/wp\/v2\/pages\/8\/revisions\/1906"}],"wp:attachment":[{"href":"https:\/\/mxth.dk\/index.php?rest_route=%2Fwp%2Fv2%2Fmedia&parent=8"}],"wp:term":[{"taxonomy":"category","embeddable":true,"href":"https:\/\/mxth.dk\/index.php?rest_route=%2Fwp%2Fv2%2Fcategories&post=8"},{"taxonomy":"post_tag","embeddable":true,"href":"https:\/\/mxth.dk\/index.php?rest_route=%2Fwp%2Fv2%2Ftags&post=8"}],"curies":[{"name":"wp","href":"https:\/\/api.w.org\/{rel}","templated":true}]}}